{"id":100,"date":"2008-11-03T20:45:03","date_gmt":"2008-11-03T18:45:03","guid":{"rendered":"http:\/\/aeedi.com\/aeedi\/?page_id=100"},"modified":"2024-03-15T17:50:10","modified_gmt":"2024-03-15T16:50:10","slug":"plomb","status":"publish","type":"page","link":"https:\/\/aeedi.com\/aeedi\/la-reglementation\/plomb\/","title":{"rendered":"Plomb"},"content":{"rendered":"<div class=\"wp-block-image\">\n<figure class=\"alignright\"><a href=\"https:\/\/i0.wp.com\/aeedi.com\/aeedi\/wp-content\/uploads\/logo.jpg\"><img data-recalc-dims=\"1\" loading=\"lazy\" decoding=\"async\" width=\"300\" height=\"95\" src=\"https:\/\/i0.wp.com\/aeedi.com\/aeedi\/wp-content\/uploads\/logo.jpg?resize=300%2C95\" alt=\"\" class=\"wp-image-345\" title=\"logo\" srcset=\"https:\/\/i0.wp.com\/aeedi.com\/aeedi\/wp-content\/uploads\/logo.jpg?resize=300%2C95&amp;ssl=1 300w, https:\/\/i0.wp.com\/aeedi.com\/aeedi\/wp-content\/uploads\/logo.jpg?w=1464&amp;ssl=1 1464w\" sizes=\"auto, (max-width: 300px) 100vw, 300px\" \/><\/a><\/figure>\n<\/div>\n\n\n<p><a href=\"http:\/\/aeedi.com\/aeedi\/wp-content\/uploads\/plomb_loi_du_9_aout_2004.pdf\">Plomb&nbsp; LOI No 2004-806 du 9 Ao\u00fbt 2004<\/a><\/p>\n\n\n\n<p><a href=\"http:\/\/aeedi.com\/aeedi\/wp-content\/uploads\/plomb_1.pdf\">Plomb 1 D\u00e9cret no 2006-474 du 25 avril 2006<\/a><\/p>\n\n\n\n<p><a href=\"http:\/\/aeedi.com\/aeedi\/wp-content\/uploads\/plomb_2.pdf\">Plomb 2&nbsp;&nbsp;D\u00e9cret no 2006-474 du 25 avril 2006<\/a><\/p>\n\n\n\n<p><a href=\"http:\/\/aeedi.com\/aeedi\/wp-content\/uploads\/plomb_3.pdf\">Plomb 3&nbsp; Arr\u00eat\u00e9 du 25 avril 2006<\/a><\/p>\n\n\n\n<p><a href=\"http:\/\/aeedi.com\/aeedi\/wp-content\/uploads\/plomb_4.pdf\">Plomb 4&nbsp; Arr\u00eat\u00e9 du 25 avril 2006<\/a><\/p>\n\n\n\n<p><a href=\"http:\/\/aeedi.com\/aeedi\/wp-content\/uploads\/plomb_5.pdf\">Plomb 5 Arr\u00eat\u00e9 du 25 avril 2006<\/a><\/p>\n\n\n\n<p><a href=\"http:\/\/aeedi.com\/aeedi\/wp-content\/uploads\/plomb_6.pdf\">Plomb 6&nbsp; Arr\u00eat\u00e9 du 25 avril 2006<\/a><\/p>\n","protected":false},"excerpt":{"rendered":"<p>Plomb&nbsp; LOI No 2004-806 du 9 Ao\u00fbt 2004 Plomb 1 D\u00e9cret no 2006-474 du 25 avril 2006 Plomb 2&nbsp;&nbsp;D\u00e9cret no 2006-474 du 25 avril 2006 Plomb 3&nbsp; Arr\u00eat\u00e9 du 25 avril 2006 Plomb 4&nbsp; Arr\u00eat\u00e9 du 25 avril 2006 Plomb 5 Arr\u00eat\u00e9 du 25 avril 2006 Plomb 6&nbsp; Arr\u00eat\u00e9 du 25 avril 2006<\/p>\n","protected":false},"author":2,"featured_media":0,"parent":82,"menu_order":108,"comment_status":"closed","ping_status":"closed","template":"","meta":{"advanced_seo_description":"","jetpack_seo_html_title":"","jetpack_seo_noindex":false,"footnotes":""},"class_list":["post-100","page","type-page","status-publish","hentry"],"jetpack_sharing_enabled":true,"jetpack-related-posts":[],"jetpack_shortlink":"https:\/\/wp.me\/PfCazb-1C","_links":{"self":[{"href":"https:\/\/aeedi.com\/aeedi\/wp-json\/wp\/v2\/pages\/100","targetHints":{"allow":["GET"]}}],"collection":[{"href":"https:\/\/aeedi.com\/aeedi\/wp-json\/wp\/v2\/pages"}],"about":[{"href":"https:\/\/aeedi.com\/aeedi\/wp-json\/wp\/v2\/types\/page"}],"author":[{"embeddable":true,"href":"https:\/\/aeedi.com\/aeedi\/wp-json\/wp\/v2\/users\/2"}],"replies":[{"embeddable":true,"href":"https:\/\/aeedi.com\/aeedi\/wp-json\/wp\/v2\/comments?post=100"}],"version-history":[{"count":0,"href":"https:\/\/aeedi.com\/aeedi\/wp-json\/wp\/v2\/pages\/100\/revisions"}],"up":[{"embeddable":true,"href":"https:\/\/aeedi.com\/aeedi\/wp-json\/wp\/v2\/pages\/82"}],"wp:attachment":[{"href":"https:\/\/aeedi.com\/aeedi\/wp-json\/wp\/v2\/media?parent=100"}],"curies":[{"name":"wp","href":"https:\/\/api.w.org\/{rel}","templated":true}]}}