{"id":117,"date":"2008-11-03T21:34:14","date_gmt":"2008-11-03T19:34:14","guid":{"rendered":"http:\/\/aeedi.com\/aeedi\/?page_id=117"},"modified":"2024-03-15T17:40:43","modified_gmt":"2024-03-15T16:40:43","slug":"etats-naturels","status":"publish","type":"page","link":"https:\/\/aeedi.com\/aeedi\/diagnostics\/etats-naturels\/","title":{"rendered":"Etats Naturels"},"content":{"rendered":"\n<h2 class=\"wp-block-heading\">&nbsp;<\/h2>\n\n\n\n<h3 class=\"wp-block-heading\"><em><span style=\"color: #333399;\"><a href=\"https:\/\/i0.wp.com\/aeedi.com\/aeedi\/wp-content\/uploads\/logo.jpg\"><img data-recalc-dims=\"1\" loading=\"lazy\" decoding=\"async\" class=\"alignright size-medium wp-image-345\" title=\"logo\" src=\"https:\/\/i0.wp.com\/aeedi.com\/aeedi\/wp-content\/uploads\/logo.jpg?resize=300%2C95\" alt=\"\" width=\"300\" height=\"95\" srcset=\"https:\/\/i0.wp.com\/aeedi.com\/aeedi\/wp-content\/uploads\/logo.jpg?resize=300%2C95&amp;ssl=1 300w, https:\/\/i0.wp.com\/aeedi.com\/aeedi\/wp-content\/uploads\/logo.jpg?w=1464&amp;ssl=1 1464w\" sizes=\"auto, (max-width: 300px) 100vw, 300px\" \/><\/a>L\u2019Etat Des Risques Naturels Et Technologiques (ERNT).<\/span><\/em><\/h3>\n\n\n<div class=\"wp-block-image\">\n<figure class=\"alignleft\"><a href=\"https:\/\/i0.wp.com\/aeedi.com\/aeedi\/wp-content\/uploads\/ernt-3.jpg\"><img data-recalc-dims=\"1\" loading=\"lazy\" decoding=\"async\" width=\"233\" height=\"171\" src=\"https:\/\/i0.wp.com\/aeedi.com\/aeedi\/wp-content\/uploads\/ernt-3.jpg?resize=233%2C171\" alt=\"\" class=\"wp-image-437\" title=\"ernt-3\"\/><\/a><\/figure>\n<\/div>\n\n\n<p><strong><em><span style=\"text-decoration: underline;\"><span style=\"color: #333399;\">Notre Objectif.<\/span><\/span><\/em><\/strong><span style=\"color: #333399;\"><span style=\"color: #333399;\"><br><\/span>A partir du 1er juin 2006, le propri\u00e9taire doit annexer au contrat un \u00e9tat des risques naturels et technologiques pour toutes locations (vides, meubl\u00e9es, saisonni\u00e8res, commerciales) et pour toutes ventes de bien situ\u00e9e dans une commune couverte par un plan de pr\u00e9vention des risques naturels pr\u00e9visibles, prescrit et approuv\u00e9.L&#8217;\u00e9tat des risques naturels et technologiques pr\u00e9sente les risques naturels (inondation, s\u00e9cheresse, mouvement de terrain\u2026) et technologiques (industriels, biologiques\u2026) auxquels est expos\u00e9 un bien. Le Code de l&#8217;Environnement impose aux vendeurs et aux bailleurs de tout bien immobilier (b\u00e2ti ou non b\u00e2ti) situ\u00e9 dans le p\u00e9rim\u00e8tre d&#8217;un plan de pr\u00e9vention des risques (PPR) ou et d&#8217;une zone de sismicit\u00e9, d&#8217;informer les acqu\u00e9reurs et locataires de l&#8217;existence des risques naturels et technologiques auxquels ce bien est expos\u00e9.<br>Le territoire fran\u00e7ais est expos\u00e9 \u00e0 des risques naturels (inondations, s\u00e9ismes, feux de for\u00eats, avalanches, etc.) et \u00e0 des risques technologiques (chimiques, nucl\u00e9aires, p\u00e9troliers, etc.) pouvant gravement mettre en danger les personnes, les biens et l&#8217;environnement.<\/span><\/p>\n\n\n<div class=\"wp-block-image\">\n<figure class=\"alignright\"><a href=\"https:\/\/i0.wp.com\/aeedi.com\/aeedi\/wp-content\/uploads\/ernt-2.jpg\"><img data-recalc-dims=\"1\" loading=\"lazy\" decoding=\"async\" width=\"169\" height=\"62\" src=\"https:\/\/i0.wp.com\/aeedi.com\/aeedi\/wp-content\/uploads\/ernt-2.jpg?resize=169%2C62\" alt=\"\" class=\"wp-image-436\" title=\"ernt-2\"\/><\/a><\/figure>\n<\/div>\n\n\n<p><span style=\"color: #333399;\"><strong><em><span style=\"text-decoration: underline;\">Notre Mission.<\/span><\/em><\/strong><br>&nbsp;Le diagnostiqueur <strong><span style=\"text-decoration: underline;\">AEEDI<\/span><\/strong> recherche et communique l&#8217;information n\u00e9cessaire \u00e0 l&#8217;\u00e9tablissement de l&#8217;\u00e9tat des risques naturels et technologiques (ERNT) et joint une cartographie permettant de localiser l&#8217;immeuble au regard des risques.<br>Un \u00e9tat des risques naturels et technologiques complet comprend l\u2019arr\u00eat\u00e9 pr\u00e9fectoral et les cartes communales, ainsi que le plan de situation et la liste des risques auquel est expos\u00e9 le bien. Ces documents se trouvent aupr\u00e8s des administrations concern\u00e9es : Pr\u00e9fecture, Mairie et DDE selon les d\u00e9partements.<br>L&#8217;\u00e9tat des risques mentionne la sismicit\u00e9 et les risques naturels et technologiques pris en compte dans le ou les plans de pr\u00e9vention auxquels le bien est expos\u00e9. Cet \u00e9tat est accompagn\u00e9 des extraits des documents de r\u00e9f\u00e9rence permettant de localiser le bien au regard de ces risques.<\/span><\/p>\n\n\n\n<p><span style=\"color: #333399;\">Un \u00e9tat des risques naturels et technologiques, fond\u00e9 sur les informations transmises par le Pr\u00e9fet de d\u00e9partement au Maire de la commune o\u00f9 est situ\u00e9 le bien, doit \u00eatre annex\u00e9 \u00e0 tout type de contrat de location \u00e9crit, \u00e0 la r\u00e9servation pour une vente en l&#8217;\u00e9tat futur d&#8217;ach\u00e8vement, \u00e0 la promesse de vente ou \u00e0 l&#8217;acte r\u00e9alisant ou constatant la vente de ce bien immobilier, qu&#8217;il soit b\u00e2ti ou non b\u00e2ti. Cet \u00e9tat doit \u00eatre \u00e9tabli moins de six mois avant la date de conclusion du contrat.<br>Dans le cas o\u00f9 la commune a fait l&#8217;objet d&#8217;un ou plusieurs arr\u00eat\u00e9s de reconnaissance de l&#8217;\u00e9tat de catastrophe naturelle ou technologique, et si le bien a fait l&#8217;objet d&#8217;une indemnisation particuli\u00e8re, il convient d&#8217;annexer au contrat une d\u00e9claration du ou des sinistres indemnis\u00e9s et dont on a connaissance.<\/span><\/p>\n\n\n<div class=\"wp-block-image\">\n<figure class=\"alignleft\"><a href=\"https:\/\/i0.wp.com\/aeedi.com\/aeedi\/wp-content\/uploads\/ernt.jpg\"><img data-recalc-dims=\"1\" loading=\"lazy\" decoding=\"async\" width=\"53\" height=\"58\" src=\"https:\/\/i0.wp.com\/aeedi.com\/aeedi\/wp-content\/uploads\/ernt.jpg?resize=53%2C58\" alt=\"\" class=\"wp-image-434\" title=\"ernt\"\/><\/a><\/figure>\n<\/div>\n\n<div class=\"wp-block-image\">\n<figure class=\"alignright\"><a href=\"https:\/\/i0.wp.com\/aeedi.com\/aeedi\/wp-content\/uploads\/ernt-1.jpg\"><img data-recalc-dims=\"1\" loading=\"lazy\" decoding=\"async\" width=\"23\" height=\"17\" src=\"https:\/\/i0.wp.com\/aeedi.com\/aeedi\/wp-content\/uploads\/ernt-1.jpg?resize=23%2C17\" alt=\"\" class=\"wp-image-435\" title=\"ernt-1\"\/><\/a><\/figure>\n<\/div>\n\n\n<p><span style=\"color: #333399;\">Cette obligation d&#8217;information s&#8217;applique dans chacune des communes dont la liste est arr\u00eat\u00e9e par le Pr\u00e9fet du d\u00e9partement, pour les biens immobiliers situ\u00e9s :<br>\u00b7 Dans le p\u00e9rim\u00e8tre d&#8217;exposition aux risques d\u00e9limit\u00e9 par un plan de pr\u00e9vention des risques technologiques (PPRT) ayant fait l&#8217;objet d&#8217;une approbation par le Pr\u00e9fet.<br>\u00b7 Dans une zone expos\u00e9e aux risques d\u00e9limit\u00e9e par un plan de pr\u00e9vention des risques naturels pr\u00e9visibles (PPRN) approuv\u00e9 par le Pr\u00e9fet ou dont certaines dispositions ont \u00e9t\u00e9 rendues imm\u00e9diatement opposables en application du Code de l&#8217;Environnement (article L562-2).<br>\u00b7 Dans le p\u00e9rim\u00e8tre mis \u00e0 l&#8217;\u00e9tude dans le cadre de l&#8217;\u00e9laboration d&#8217;un plan de pr\u00e9vention des risques technologiques ou d&#8217;un plan de pr\u00e9vention des risques naturels pr\u00e9visibles prescrit par le Pr\u00e9fet.<br>\u00b7 Dans une des zones de sismicit\u00e9 IA, Ib, II ou III mentionn\u00e9es \u00e0 l&#8217;article 4 du d\u00e9cret du 14 mai 1991.<br>Cons\u00e9quences relatives \u00e0 L\u2019Etat Des Risques Naturels Et Technologiques (ERNT)<br>Cons\u00e9quences relatives \u00e0 l&#8217;\u00e9tat des risques naturels et technologiques si ce document n\u2019est pas remis au locataire ou \u00e0 l\u2019acqu\u00e9reur, une diminution du montant du loyer, de la vente ou son annulation, peut \u00eatre prononc\u00e9e par le juge.&nbsp;<\/span><\/p>\n\n\n\n<p class=\"has-text-align-right\"><a href=\"http:\/\/aeedi.com\/aeedi\/?page_id=461\"><strong>Demande De Devis<\/strong><\/a><\/p>\n","protected":false},"excerpt":{"rendered":"<p>&nbsp; L\u2019Etat Des Risques Naturels Et Technologiques (ERNT). Notre Objectif.A partir du 1er juin 2006, le propri\u00e9taire doit annexer au contrat un \u00e9tat des risques naturels et technologiques pour toutes locations (vides, meubl\u00e9es, saisonni\u00e8res, commerciales) et pour toutes ventes de bien situ\u00e9e dans une commune couverte par un plan de pr\u00e9vention des risques naturels pr\u00e9visibles, [&hellip;]<\/p>\n","protected":false},"author":2,"featured_media":0,"parent":74,"menu_order":4,"comment_status":"closed","ping_status":"closed","template":"","meta":{"advanced_seo_description":"","jetpack_seo_html_title":"","jetpack_seo_noindex":false,"footnotes":""},"class_list":["post-117","page","type-page","status-publish","hentry"],"jetpack_sharing_enabled":true,"jetpack-related-posts":[],"jetpack_shortlink":"https:\/\/wp.me\/PfCazb-1T","_links":{"self":[{"href":"https:\/\/aeedi.com\/aeedi\/wp-json\/wp\/v2\/pages\/117","targetHints":{"allow":["GET"]}}],"collection":[{"href":"https:\/\/aeedi.com\/aeedi\/wp-json\/wp\/v2\/pages"}],"about":[{"href":"https:\/\/aeedi.com\/aeedi\/wp-json\/wp\/v2\/types\/page"}],"author":[{"embeddable":true,"href":"https:\/\/aeedi.com\/aeedi\/wp-json\/wp\/v2\/users\/2"}],"replies":[{"embeddable":true,"href":"https:\/\/aeedi.com\/aeedi\/wp-json\/wp\/v2\/comments?post=117"}],"version-history":[{"count":0,"href":"https:\/\/aeedi.com\/aeedi\/wp-json\/wp\/v2\/pages\/117\/revisions"}],"up":[{"embeddable":true,"href":"https:\/\/aeedi.com\/aeedi\/wp-json\/wp\/v2\/pages\/74"}],"wp:attachment":[{"href":"https:\/\/aeedi.com\/aeedi\/wp-json\/wp\/v2\/media?parent=117"}],"curies":[{"name":"wp","href":"https:\/\/api.w.org\/{rel}","templated":true}]}}