{"id":119,"date":"2008-11-03T21:35:12","date_gmt":"2008-11-03T19:35:12","guid":{"rendered":"http:\/\/aeedi.com\/aeedi\/?page_id=119"},"modified":"2024-03-15T17:41:09","modified_gmt":"2024-03-15T16:41:09","slug":"gaz","status":"publish","type":"page","link":"https:\/\/aeedi.com\/aeedi\/diagnostics\/gaz\/","title":{"rendered":"Gaz"},"content":{"rendered":"\n<h3 class=\"wp-block-heading\"><span style=\"color: #333399;\"><em>Diagnostic Etat De L\u2019Installation Int\u00e9rieure De Gaz Naturel<\/em>&nbsp;&nbsp; <\/span><a href=\"https:\/\/i0.wp.com\/aeedi.com\/aeedi\/wp-content\/uploads\/logo.jpg\"><span style=\"color: #333399;\"><img data-recalc-dims=\"1\" loading=\"lazy\" decoding=\"async\" class=\"alignright size-medium wp-image-345\" title=\"logo\" src=\"https:\/\/i0.wp.com\/aeedi.com\/aeedi\/wp-content\/uploads\/logo.jpg?resize=300%2C95\" alt=\"\" width=\"300\" height=\"95\" srcset=\"https:\/\/i0.wp.com\/aeedi.com\/aeedi\/wp-content\/uploads\/logo.jpg?resize=300%2C95&amp;ssl=1 300w, https:\/\/i0.wp.com\/aeedi.com\/aeedi\/wp-content\/uploads\/logo.jpg?w=1464&amp;ssl=1 1464w\" sizes=\"auto, (max-width: 300px) 100vw, 300px\" \/><\/span><\/a><\/h3>\n\n\n\n<p class=\"has-text-align-left\"><span style=\"color: #333399;\"><strong><em><span style=\"text-decoration: underline;\">Notre Objectif<\/span><\/em><\/strong> <\/span><\/p>\n\n\n<div class=\"wp-block-image\">\n<figure class=\"alignleft\"><img data-recalc-dims=\"1\" loading=\"lazy\" decoding=\"async\" width=\"82\" height=\"55\" src=\"https:\/\/i0.wp.com\/aeedi.com\/aeedi\/wp-content\/uploads\/photo-gaz1.jpg?resize=82%2C55\" alt=\"\" class=\"wp-image-417\" title=\"photo-gaz1\"\/><\/figure>\n<\/div>\n\n\n<p><span style=\"color: #333399;\"><br><strong><span style=\"text-decoration: underline;\"><em>L\u2019INSTALLATION INTERIEURE DE GAZ&nbsp;:<\/em><\/span><\/strong><\/span><\/p>\n\n\n\n<p><span style=\"color: #333399;\"><br>Le diagnostic d\u00e9crit l\u2019\u00e9tat des appareils fixes de chauffage et de production d\u2019eau chaude sanitaire, l\u2019\u00e9tat des tuyauteries fixes d\u2019alimentation en gaz, l\u2019am\u00e9nagement des locaux o\u00f9 fonctionnent les appareils \u00e0 gaz&#8230;<br>Certains documents sont r\u00e9put\u00e9s \u00e9quivalents \u00e0 l\u2019\u00e9tat de l\u2019installation int\u00e9rieure de gaz d\u00e8s lors qu\u2019ils ont \u00e9t\u00e9 \u00e9tabli depuis moins de trois ans \u00e0 la date \u00e0 laquelle l\u2019\u00e9tat doit \u00eatre produit&nbsp;:<br>&#8211;&nbsp;Le certificat de conformit\u00e9 et de s\u00e9curit\u00e9 effectu\u00e9 par un organisme agr\u00e9\u00e9.<br>&#8211;&nbsp;Le diagnostic r\u00e9alis\u00e9 avant le 1er novembre 2007 dans le cadre d\u2019op\u00e9rations organis\u00e9es par des distributeurs de gaz (liste d\u00e9finie par arr\u00eat\u00e9 \u00e0 para\u00eetre).<br>En l\u2019absence d\u2019un \u00e9tat de l\u2019installation int\u00e9rieure de gaz, aucune clause d\u2019exon\u00e9ration de la garantie des vices cach\u00e9s ne peut \u00eatre stipul\u00e9e \u00e0 raison des vices constitu\u00e9s le risque. La vente reste valable mais l\u2019acqu\u00e9reur pourra agir en r\u00e9solution de la vente ou en diminution du prix pay\u00e9 en cas de d\u00e9couverte de vices affectant l\u2019installation post\u00e9rieure au transfert de propri\u00e9t\u00e9. <\/span><\/p>\n\n\n\n<p><span style=\"color: #333399;\"><span style=\"text-decoration: underline;\"><strong>Art. L 134-6 du CCH<br><\/strong><\/span>\u00c0 compter du 1er novembre 2007, afin d\u2019\u00e9valuer les risques pouvant compromettre la s\u00e9curit\u00e9 des personnes, le vendeur de tout ou partie d\u2019un immeuble \u00e0 usage d\u2019habitation comportant une installation int\u00e9rieure de gaz r\u00e9alis\u00e9e depuis plus de 15 ans doit annexer \u00e0 la promesse de vente ou, \u00e0 d\u00e9faut de promesse, \u00e0 l\u2019acte authentique un \u00e9tat de cette installation \u00e9tabli de puis moins de trois ans.<br>L\u2019\u00e9tat n\u2019est requis que lorsque l\u2019objet de la vente est un immeuble ou une partie d\u2019immeuble \u00e0 usage d\u2019habitation.<br>Il est r\u00e9alis\u00e9, selon un mod\u00e8le d\u00e9fini par <strong><span style=\"text-decoration: underline;\">l\u2019arr\u00eat\u00e9 du 6.4.07 (JO du 28.4.07),<\/span><\/strong> dans les parties privatives des locaux \u00e0 usage d\u2019habitation et leurs d\u00e9pendances par un professionnel certifi\u00e9 conform\u00e9ment aux <strong><span style=\"text-decoration: underline;\">articles L.271-4 \u00e0 L. 271-6<\/span><\/strong> du code de la construction et de l\u2019habitation.<br><span style=\"text-decoration: underline;\"><strong>Un arr\u00eat\u00e9 du 6.4.07 (JO du 28.4.07)<\/strong><\/span> d\u00e9finit les crit\u00e8res de certification des comp\u00e9tences des personnes physiques r\u00e9alisant cet \u00e9tat et les crit\u00e8res d\u2019accr\u00e9ditation des organismes de certification.<br>Lorsque la vente porte sur un lot situ\u00e9 dans un immeuble en copropri\u00e9t\u00e9, l\u2019\u00e9tat de l\u2019installation de gaz ne concerne que les parties privatives du lot.<\/span><\/p>\n\n\n\n<p><span style=\"color: #333399;\"><strong><span style=\"text-decoration: underline;\">Les installations domestiques de gaz rec\u00e8lent des dangers pour la s\u00e9curit\u00e9 des personnes:<br><\/span><\/strong>&#8211;&nbsp;<strong>En cas de mauvais r\u00e9glage des appareils \u00e0 gaz ou d&#8217;\u00e9vacuation d\u00e9ficiente des produits de combustion, il peut se d\u00e9gager du monoxyde de carbone, entra\u00eenant l&#8217;intoxication voire le d\u00e9c\u00e8s des occupants<\/strong>.<br>&#8211;&nbsp;<strong>En cas de fuite de gaz, une explosion ou un incendie peuvent survenir en peu de temps, entra\u00eenant la destruction du logement ainsi que de nombreuses victimes.<\/strong><\/span><\/p>\n\n\n\n<p class=\"has-text-align-left\"><span style=\"color: #333399;\">Le Code de la Construction et de l&#8217;Habitation impose aux vendeurs la r\u00e9alisation d&#8217;un \u00e9tat de l&#8217;installation int\u00e9rieure de gaz dans les logements comportant une installation de gaz datant de plus de 15 ans.<\/span><\/p>\n\n\n<div class=\"wp-block-image\">\n<figure class=\"aligncenter\"><img data-recalc-dims=\"1\" loading=\"lazy\" decoding=\"async\" width=\"47\" height=\"41\" src=\"https:\/\/i0.wp.com\/aeedi.com\/aeedi\/wp-content\/uploads\/photo-gaz.jpg?resize=47%2C41\" alt=\"\" class=\"wp-image-416\" title=\"photo-gaz\"\/><\/figure>\n<\/div>\n\n\n<p class=\"has-text-align-center\"><span style=\"color: #333399;\"><\/span><\/p>\n\n\n\n<p class=\"has-text-align-left\"><span style=\"color: #333399;\"><strong><em><span style=\"text-decoration: underline;\">Notre&nbsp; Mission<\/span><\/em><\/strong><br>Le diagnostic <strong><span style=\"text-decoration: underline;\">AEEDI<\/span><\/strong> a pour objet d&#8217;identifier par des contr\u00f4les visuels, des essais et des mesures les d\u00e9fauts susceptibles de compromettre la s\u00e9curit\u00e9 des personnes (principalement les explosions, les incendies et les intoxications au monoxyde de carbone) au regard de la tuyauterie fixe, des raccordements, de la ventilation, et du contr\u00f4le des appareils et de l&#8217;atmosph\u00e8re.<br>Le diagnostic concerne l&#8217;installation fixe int\u00e9rieure de gaz (gaz naturel, propane et exceptionnellement butane), r\u00e9alis\u00e9e depuis plus de quinze ans et situ\u00e9e \u00e0 l&#8217;int\u00e9rieur des b\u00e2timents d&#8217;habitation ou de leurs d\u00e9pendances.<br>Le donneur d&#8217;ordre doit s&#8217;assurer qu&#8217;au moment du diagnostic&nbsp;:<br>&#8211;&nbsp;Tous les locaux et leurs d\u00e9pendances concern\u00e9s seront accessibles.&nbsp;<\/span><span style=\"color: #333399;\"><br>&#8211;&nbsp;L&#8217;installation sera aliment\u00e9e en gaz.<br>&#8211;&nbsp;Les appareils d&#8217;utilisation seront en service. <\/span><\/p>\n\n\n\n<p class=\"has-text-align-left\"><span style=\"color: #333399;\"><strong><em><span style=\"text-decoration: underline;\">L\u2019Etat De L\u2019Installation Int\u00e9rieure De Gaz Naturel<\/span><\/em><\/strong><br><\/span><strong><span style=\"color: #333399;\">L&#8217;\u00e9tat de l&#8217;installation int\u00e9rieure de gaz doit \u00eatre annex\u00e9 \u00e0 l&#8217;avant contrat et \u00e0 l&#8217;acte authentique de vente d&#8217;un logement comportant une installation int\u00e9rieure de gaz.<br><\/span><span style=\"text-decoration: underline;\"><span style=\"color: #333399;\">L&#8217;\u00e9tat de l&#8217;installation int\u00e9rieure de gaz a une dur\u00e9e de validit\u00e9 de trois ans.<br>Les anomalies constat\u00e9es sont class\u00e9es en fonction de leur caract\u00e8re de gravit\u00e9. Si l&#8217;\u00e9tat de l&#8217;installation pr\u00e9sente une anomalie particuli\u00e8rement grave, le diagnostiqueur est dans l&#8217;obligation de condamner tout ou partie de l&#8217;installation jusqu&#8217;\u00e0 suppression du d\u00e9faut constituant la source du danger.<\/span><\/span><\/strong><\/p>\n\n\n<div class=\"wp-block-image\">\n<figure class=\"alignright\"><img data-recalc-dims=\"1\" loading=\"lazy\" decoding=\"async\" width=\"82\" height=\"55\" src=\"https:\/\/i0.wp.com\/aeedi.com\/aeedi\/wp-content\/uploads\/photo-gaz1.jpg?resize=82%2C55\" alt=\"\" class=\"wp-image-417\" title=\"photo-gaz1\"\/><\/figure>\n<\/div>\n\n\n<p><span style=\"color: #333399;\"><strong><em><span style=\"text-decoration: underline;\">Quelques Recommandations<\/span><\/em><\/strong><br>Il convient de ne pas obstruer les orifices de ventilation des locaux et d&#8217;entretenir les conduits de chemin\u00e9e. Un ramonage est obligatoire deux fois par an.<br>Une fois par an, faites v\u00e9rifier par un professionnel qualifi\u00e9 vos conduits de fum\u00e9e ainsi que vos appareils \u00e0 gaz.<br>V\u00e9rifiez que l&#8217;\u00e9vacuation des fum\u00e9es s&#8217;effectue en dehors de l&#8217;immeuble. Attention, les appareils mobiles de chauffage d&#8217;appoint fonctionnant au butane, au propane, au p\u00e9trole, qui d\u00e9versent des gaz de combustion charg\u00e9s en monoxyde de carbone et en oxydes d&#8217;azote, ne doivent \u00eatre utilis\u00e9s que par intermittence exclusivement dans des locaux ventil\u00e9s. Ils doivent \u00eatre munis de dispositifs de s\u00e9curit\u00e9 avec contr\u00f4le d&#8217;atmosph\u00e8re.<\/span><\/p>\n\n\n\n<p><span style=\"color: #333399;\"><strong><em><span style=\"text-decoration: underline;\">Cons\u00e9quences&nbsp; Relatives&nbsp; Au&nbsp; Diagnostic&nbsp; Gaz<\/span><\/em><\/strong><br>En l\u2019absence d\u2019un \u00e9tat de l\u2019installation int\u00e9rieure de gaz, aucune clause d\u2019exon\u00e9ration de la garantie des vices cach\u00e9s ne peut \u00eatre stipul\u00e9e \u00e0 raison des vices constitu\u00e9s le risque. La vente reste valable mais l\u2019acqu\u00e9reur pourra agir en r\u00e9solution de la vente ou en diminution du prix pay\u00e9 en cas de d\u00e9couverte de vices affectant l\u2019installation post\u00e9rieure au transfert de propri\u00e9t\u00e9. Le vendeur&nbsp;risque \u00e9galement&nbsp;de payer la prise en charge des travaux de mise en conformit\u00e9, dans le cadre de sanctions civiles.<\/span><\/p>\n\n\n<div class=\"wp-block-image\">\n<figure class=\"aligncenter\"><img data-recalc-dims=\"1\" loading=\"lazy\" decoding=\"async\" width=\"82\" height=\"55\" src=\"https:\/\/i0.wp.com\/aeedi.com\/aeedi\/wp-content\/uploads\/photo-gaz1.jpg?resize=82%2C55\" alt=\"\" class=\"wp-image-417\" title=\"photo-gaz1\"\/><\/figure>\n<\/div>\n\n\n<p class=\"has-text-align-center\"><\/p>\n\n\n\n<p class=\"has-text-align-left\"><span style=\"color: #333399;\"><strong><em><span style=\"text-decoration: underline;\">Particularit\u00e9s Du Diagnostic Gaz<\/span><\/em><\/strong><br>Tout propri\u00e9taire d&#8217;un bien immobilier \u00e9quip\u00e9 d&#8217;une installation int\u00e9rieure au gaz datant de plus de 15 ans&nbsp;doit faire effectuer ce diagnostic immobilier.<br>Dans le cas d&#8217;une copropri\u00e9t\u00e9, seules les parties privatives sont concern\u00e9es.<br>Le logement de personnes en situation pr\u00e9caire doit \u00e9galement \u00eatre soumis \u00e0 un diagnostic gaz&nbsp;pour assurer&nbsp;la s\u00e9curit\u00e9 des propri\u00e9taires. Ces derniers pourront b\u00e9n\u00e9ficier d&#8217;aides&nbsp;pour \u00e0 la mise en conformit\u00e9 de leur habitation.<br>Tout&nbsp;dossier de diagnostic technique annex\u00e9 \u00e0 la promesse de vente d\u2019un logement ou \u00e0 l\u2019acte de vente devra comprendre l\u2019\u00e9tat de l\u2019installation int\u00e9rieure de gaz si celle-ci a \u00e9t\u00e9 r\u00e9alis\u00e9e depuis plus de quinze ans. Cet \u00e9tat devra imp\u00e9rativement avoir \u00e9t\u00e9 \u00e9tabli par un op\u00e9rateur certifi\u00e9, sauf dans&nbsp;les 2&nbsp;cas suivants :<br>&#8211; Quand une installation int\u00e9rieure de gaz modifi\u00e9e ou compl\u00e9t\u00e9e a fait l&#8217;objet d&#8217;un certificat de conformit\u00e9 vis\u00e9 par un organisme agr\u00e9\u00e9 par le ministre charg\u00e9 de l&#8217;industrie,&nbsp;dans les trois derni\u00e8res ann\u00e9es.<br>&#8211; Lorsqu\u2019un diagnostic a \u00e9t\u00e9 r\u00e9alis\u00e9 avant le 1er novembre 2007 et depuis moins de trois ans \u00e0 la date \u00e0 laquelle il doit \u00eatre produit, dans le cadre d&#8217;op\u00e9rations organis\u00e9es par des distributeurs de gaz et dont la liste est d\u00e9finie par arr\u00eat\u00e9 du ministre charg\u00e9 de l&#8217;\u00e9nergie<\/span>.&nbsp;&nbsp;&nbsp;<\/p>\n\n\n<div class=\"wp-block-image\">\n<figure class=\"aligncenter\"><img data-recalc-dims=\"1\" loading=\"lazy\" decoding=\"async\" width=\"47\" height=\"41\" src=\"https:\/\/i0.wp.com\/aeedi.com\/aeedi\/wp-content\/uploads\/photo-gaz.jpg?resize=47%2C41\" alt=\"\" class=\"wp-image-416\" title=\"photo-gaz\"\/><\/figure>\n<\/div>\n\n\n<p class=\"has-text-align-center\">&nbsp;<\/p>\n\n\n\n<p class=\"has-text-align-right\"><a href=\"http:\/\/aeedi.com\/aeedi\/?page_id=461\"><strong>Demande De Devis<\/strong><\/a><\/p>\n","protected":false},"excerpt":{"rendered":"<p>Diagnostic Etat De L\u2019Installation Int\u00e9rieure De Gaz Naturel&nbsp;&nbsp; Notre Objectif L\u2019INSTALLATION INTERIEURE DE GAZ&nbsp;: Le diagnostic d\u00e9crit l\u2019\u00e9tat des appareils fixes de chauffage et de production d\u2019eau chaude sanitaire, l\u2019\u00e9tat des tuyauteries fixes d\u2019alimentation en gaz, l\u2019am\u00e9nagement des locaux o\u00f9 fonctionnent les appareils \u00e0 gaz&#8230;Certains documents sont r\u00e9put\u00e9s \u00e9quivalents \u00e0 l\u2019\u00e9tat de l\u2019installation int\u00e9rieure de [&hellip;]<\/p>\n","protected":false},"author":2,"featured_media":0,"parent":74,"menu_order":5,"comment_status":"closed","ping_status":"closed","template":"","meta":{"advanced_seo_description":"","jetpack_seo_html_title":"","jetpack_seo_noindex":false,"footnotes":""},"class_list":["post-119","page","type-page","status-publish","hentry"],"jetpack_sharing_enabled":true,"jetpack-related-posts":[],"jetpack_shortlink":"https:\/\/wp.me\/PfCazb-1V","_links":{"self":[{"href":"https:\/\/aeedi.com\/aeedi\/wp-json\/wp\/v2\/pages\/119","targetHints":{"allow":["GET"]}}],"collection":[{"href":"https:\/\/aeedi.com\/aeedi\/wp-json\/wp\/v2\/pages"}],"about":[{"href":"https:\/\/aeedi.com\/aeedi\/wp-json\/wp\/v2\/types\/page"}],"author":[{"embeddable":true,"href":"https:\/\/aeedi.com\/aeedi\/wp-json\/wp\/v2\/users\/2"}],"replies":[{"embeddable":true,"href":"https:\/\/aeedi.com\/aeedi\/wp-json\/wp\/v2\/comments?post=119"}],"version-history":[{"count":0,"href":"https:\/\/aeedi.com\/aeedi\/wp-json\/wp\/v2\/pages\/119\/revisions"}],"up":[{"embeddable":true,"href":"https:\/\/aeedi.com\/aeedi\/wp-json\/wp\/v2\/pages\/74"}],"wp:attachment":[{"href":"https:\/\/aeedi.com\/aeedi\/wp-json\/wp\/v2\/media?parent=119"}],"curies":[{"name":"wp","href":"https:\/\/api.w.org\/{rel}","templated":true}]}}