{"id":121,"date":"2008-11-03T21:36:49","date_gmt":"2008-11-03T19:36:49","guid":{"rendered":"http:\/\/aeedi.com\/aeedi\/?page_id=121"},"modified":"2024-03-15T17:40:17","modified_gmt":"2024-03-15T16:40:17","slug":"termites","status":"publish","type":"page","link":"https:\/\/aeedi.com\/aeedi\/diagnostics\/termites\/","title":{"rendered":"Etat Parasitaire Et Termites"},"content":{"rendered":"\n<h3 class=\"wp-block-heading\"><em><span style=\"color: #333399;\">Diagnostic Etat Parasitaire Et Termites.<\/span><\/em><\/h3>\n\n\n<div class=\"wp-block-image\">\n<figure class=\"alignright\"><img data-recalc-dims=\"1\" loading=\"lazy\" decoding=\"async\" width=\"300\" height=\"95\" src=\"https:\/\/i0.wp.com\/aeedi.com\/aeedi\/wp-content\/uploads\/logo.jpg?resize=300%2C95\" alt=\"\" class=\"wp-image-345\" title=\"logo\" srcset=\"https:\/\/i0.wp.com\/aeedi.com\/aeedi\/wp-content\/uploads\/logo.jpg?resize=300%2C95&amp;ssl=1 300w, https:\/\/i0.wp.com\/aeedi.com\/aeedi\/wp-content\/uploads\/logo.jpg?w=1464&amp;ssl=1 1464w\" sizes=\"auto, (max-width: 300px) 100vw, 300px\" \/><\/figure>\n<\/div>\n\n<div class=\"wp-block-image\">\n<figure class=\"alignleft\"><a href=\"https:\/\/i0.wp.com\/aeedi.com\/aeedi\/wp-content\/uploads\/photo-termite-2.jpg\"><img data-recalc-dims=\"1\" loading=\"lazy\" decoding=\"async\" width=\"97\" height=\"69\" src=\"https:\/\/i0.wp.com\/aeedi.com\/aeedi\/wp-content\/uploads\/photo-termite-2.jpg?resize=97%2C69\" alt=\"\" class=\"wp-image-432\" title=\"photo-termite-2\"\/><\/a><\/figure>\n<\/div>\n\n\n<p><a href=\"http:\/\/aeedi.com\/aeedi\/wp-content\/uploads\/logo.jpg\"><em><span style=\"color: #333399;\"><\/span><\/em><\/a><br><span style=\"color: #333399;\"><strong><em><span style=\"text-decoration: underline;\">Notre Objectif.<\/span><\/em><\/strong><br>Le diagnostic termite doit obligatoirement \u00eatre annex\u00e9 \u00e0 l\u2019acte de vente afin de prot\u00e9ger le futur acqu\u00e9reur. En effet, les d\u00e9g\u00e2ts caus\u00e9s par les termites peuvent aller jusqu&#8217;\u00e0 l&#8217;effondrement d&#8217;une maison si la structure de celle-ci est en bois ou contient du bois en quantit\u00e9.<br>En une cinquantaine d&#8217;ann\u00e9es, les termites ont envahi plus de la moiti\u00e9 du territoire fran\u00e7ais. Se nourrissant de cellulose, ces insectes xylophages figurent parmi les principaux destructeurs du bois, mena\u00e7ant la solidit\u00e9 des constructions et la s\u00e9curit\u00e9 des personnes. <\/span><\/p>\n\n\n\n<p><span style=\"color: #333399;\"><br>\u00c9tat parasitaire des risques de contamination des insectes xylophages et en particulier des termites relatif \u00e0 l\u2019identification obligatoire des zones contamin\u00e9es selon la loi 99-471 et le d\u00e9cret 2000-613 du 3 juillet 2000 relatif aux mesures d\u2019\u00e9limination pr\u00e9vues par la r\u00e9glementation.<br>La m\u00e9thodologie des pr\u00e9l\u00e8vements \u00e9ventuellement effectu\u00e9s sera r\u00e9alis\u00e9e conform\u00e9ment aux directives du programme COFRAC 144 et \u00e0 la m\u00e9thodologie OPQIBI<br>Le diagnostic termite porte sur les parties privatives du bien, le sous-sol, la charpente, et le jardin. Il n&#8217;est valable que six mois car la progression des termites se d\u00e9veloppe vite, de fa\u00e7on parfois sous-jacente: une inspection d\u00e9clar\u00e9e n\u00e9gative peut ne pas avoir \u00e9t\u00e9 en mesure de relever des sympt\u00f4mes d&#8217;infestation par les termites, devenus apparents six mois plus tard.<br>Sur demande, le diagnostiqueur<strong> <span style=\"text-decoration: underline;\"><span style=\"color: #333399;\">AEEDI<\/span><\/span><\/strong><span style=\"color: #333399;\"><span style=\"color: #333399;\"> p<\/span>eut r<\/span>\u00e9aliser un \u00e9tat parasitaire (insectes xylophages ou champignons lignivores).<br>Le Code de la Construction et de l&#8217;Habitation impose aux vendeurs la recherche de la pr\u00e9sence de termites dans les immeubles b\u00e2tis situ\u00e9s dans les zones d\u00e9finies par arr\u00eat\u00e9 pr\u00e9fectoral.<br><\/span><\/p>\n\n\n<div class=\"wp-block-image\">\n<figure class=\"alignleft\"><a href=\"https:\/\/i0.wp.com\/aeedi.com\/aeedi\/wp-content\/uploads\/photo-termite.jpg\"><img data-recalc-dims=\"1\" loading=\"lazy\" decoding=\"async\" width=\"300\" height=\"160\" src=\"https:\/\/i0.wp.com\/aeedi.com\/aeedi\/wp-content\/uploads\/photo-termite.jpg?resize=300%2C160\" alt=\"\" class=\"wp-image-372\" title=\"photo-termite\" srcset=\"https:\/\/i0.wp.com\/aeedi.com\/aeedi\/wp-content\/uploads\/photo-termite.jpg?resize=300%2C160&amp;ssl=1 300w, https:\/\/i0.wp.com\/aeedi.com\/aeedi\/wp-content\/uploads\/photo-termite.jpg?w=657&amp;ssl=1 657w\" sizes=\"auto, (max-width: 300px) 100vw, 300px\" \/><\/a><\/figure>\n<\/div>\n\n\n<p><span style=\"color: #333399;\"><strong><em><span style=\"text-decoration: underline;\">Notre Mission.<\/span><\/em><\/strong><br>Notre mission consiste \u00e0 rechercher, au moment de l&#8217;intervention, des traces visibles d&#8217;infestations ou alt\u00e9rations provoqu\u00e9es par des termites, de les rep\u00e9rer et de dresser un constat, r\u00e9sultat d&#8217;un examen visuel de l&#8217;ensemble des parties visibles et accessibles susceptibles d&#8217;\u00eatre d\u00e9mont\u00e9es sans outils et de sondages non destructifs (sauf parties d\u00e9j\u00e0 alt\u00e9r\u00e9es ou d\u00e9grad\u00e9es) des bois au moyen d&#8217;un poin\u00e7on.<br>Notre mission consiste \u00e0 l\u2019Identification des surfaces pouvant abriter des termites par une visite exhaustive de tous les locaux. Lors de cette visite, il est proc\u00e9d\u00e9 \u00e0 observation visuelle attentive par sondage \u00e0 l\u2019aide d\u2019un appareil acoustique et d\u2019un pin\u00e7on fin pour sonder les mat\u00e9riaux de mani\u00e8re non destructive. <\/span><\/p>\n\n\n<div class=\"wp-block-image\">\n<figure class=\"alignright\"><a href=\"https:\/\/i0.wp.com\/aeedi.com\/aeedi\/wp-content\/uploads\/photo-termite-1.jpg\"><img data-recalc-dims=\"1\" loading=\"lazy\" decoding=\"async\" width=\"162\" height=\"118\" src=\"https:\/\/i0.wp.com\/aeedi.com\/aeedi\/wp-content\/uploads\/photo-termite-1.jpg?resize=162%2C118\" alt=\"\" class=\"wp-image-431\" title=\"photo-termite-1\"\/><\/a><\/figure>\n<\/div>\n\n\n<p><span style=\"color: #333399;\">La recherche repose sur une strat\u00e9gie de sondage visuel et les surfaces inspect\u00e9es La recherche s\u2019applique au site et couvre l\u2019ensemble des locaux accessibles le jour de la visite. Elle concerne les surfaces int\u00e9rieures et ext\u00e9rieures directement visibles et accessibles sans n\u00e9cessit\u00e9 de destruction d\u2019\u00e9l\u00e9ments ou d\u2019utilisation de dispositifs particuliers.<br>Le diagnostiqueur <strong><span style=\"text-decoration: underline;\">AEEDI<\/span><\/strong> qui r\u00e9alise l&#8217;\u00e9tat du b\u00e2timent relatif \u00e0 la pr\u00e9sence de termites :<br>\u00b7 N&#8217;exerce aucune activit\u00e9 de traitement pr\u00e9ventif, curatif ou d&#8217;entretien de lutte contre les termites ;<br>\u00b7 Ne poss\u00e8de aucun lien d&#8217;int\u00e9r\u00eat avec une entreprise de distribution de produits utilis\u00e9s pour ce type de traitement et n&#8217;est filiale d&#8217;aucune entreprise de traitement des bois.<br><\/span><\/p>\n\n\n<div class=\"wp-block-image\">\n<figure class=\"alignleft\"><a href=\"https:\/\/i0.wp.com\/aeedi.com\/aeedi\/wp-content\/uploads\/photo-termite-2.jpg\"><img data-recalc-dims=\"1\" loading=\"lazy\" decoding=\"async\" width=\"97\" height=\"69\" src=\"https:\/\/i0.wp.com\/aeedi.com\/aeedi\/wp-content\/uploads\/photo-termite-2.jpg?resize=97%2C69\" alt=\"\" class=\"wp-image-432\" title=\"photo-termite-2\"\/><\/a><\/figure>\n<\/div>\n\n\n<p><span style=\"color: #333399;\"><strong><em><span style=\"text-decoration: underline;\">Quelques Recommandations.<\/span><\/em><\/strong><br>Il y a peu d&#8217;essences, utilis\u00e9es comme bois de structure dans les b\u00e2timents, qui sont naturellement r\u00e9sistantes aux insectes xylophages et aux termites en particulier. Rappelons que l&#8217;aubier n&#8217;est jamais durable. La norme NF EN 350-2 donne une classification de la durabilit\u00e9 du bois massif pour les principales essences utilis\u00e9es. Lorsque la durabilit\u00e9 naturelle est insuffisante ou lorsque le bois est utilis\u00e9 avec son aubier (ce qui est tr\u00e8s souvent le cas dans la pratique), il est n\u00e9cessaire de le traiter soit avec un produit biocide (conforme \u00e0 la directive 98\/8 CE, dite directive biocides) soit avec un proc\u00e9d\u00e9 permettant de le rendre r\u00e9sistant aux attaques d&#8217;insectes. Sont surtout en danger les bois d&#8217;ouvre conservant une humidit\u00e9 au-del\u00e0 de 20 % \u00e0 une temp\u00e9rature ambiante ou chaude. Les bois normalement ventil\u00e9s sont moins sujets \u00e0 attaques.<br>Compte tenu de la biologie et du comportement social des termites, seuls des professionnels confirm\u00e9s sont en mesure d\u00b4assurer une protection durable des biens vis\u00e9s par ces insectes.<br>Cons\u00e9quences relatives au diagnostic termites<\/span><br><span style=\"color: #333399;\">L&#8217;intervention n&#8217;a pas pour but de donner un diagnostic de la r\u00e9sistance m\u00e9canique des bois et mat\u00e9riaux, m\u00eame s&#8217;il y a b\u00fbchage (enl\u00e8vement de mati\u00e8re, afin de v\u00e9rifier jusqu&#8217;o\u00f9 s&#8217;est r\u00e9pandue l&#8217;attaque), l&#8217;int\u00e9r\u00eat \u00e9tant d&#8217;\u00e9tablir un \u00e9tat du b\u00e2timent relatif \u00e0 la pr\u00e9sence de termites. Dans le cas de logements r\u00e9gis par la loi n\u00b0 65-557 du 10 juillet 1965, l&#8217;\u00e9tat du b\u00e2timent relatif \u00e0 la pr\u00e9sence de termites ne portant que sur les parties privatives, la clause d&#8217;exon\u00e9ration de garantie pour vice cach\u00e9 pr\u00e9vue \u00e0 l&#8217;article 1643 du code civil, si le vice cach\u00e9 est constitu\u00e9 par la pr\u00e9sence de termites, ne pourra \u00eatre stipul\u00e9 que pour les parties privatives. Seul un \u00e9tat du b\u00e2timent relatif \u00e0 la pr\u00e9sence de termites dans les parties communes de l&#8217;immeuble, annex\u00e9 \u00e0 l&#8217;acte authentique constatant la r\u00e9alisation de la vente, permettra de stipuler la clause d&#8217;exon\u00e9ration pour vice cach\u00e9 concernant les parties communes. S\u2019il ne produit pas de diagnostic termites, le vendeur non professionnel d\u2019un bien situ\u00e9 dans une zone class\u00e9e par arr\u00eat\u00e9 pr\u00e9fectorale ne pourra pas s\u2019exon\u00e9rer de la garantie pour vice cach\u00e9 en cas de pr\u00e9sence de termites. Aucune clause d&#8217;exon\u00e9ration ne jouera en faveur d&#8217;un vendeur professionnel. Le rapport n&#8217;a de valeur que pour la date de la visite et est exclusivement limit\u00e9 \u00e0 l&#8217;\u00e9tat du b\u00e2timent relatif \u00e0 la pr\u00e9sence de termites.<\/span><br><span style=\"color: #333399;\">L&#8217;\u00e9tat du b\u00e2timent relatif \u00e0 la pr\u00e9sence de termites doit avoir \u00e9t\u00e9 \u00e9tabli depuis moins de six mois \u00e0 la date de la promesse de vente ou, \u00e0 d\u00e9faut, \u00e0 l&#8217;acte authentique de vente. Selon les termes de l&#8217;article R 133-3 du Code de la Construction et de l&#8217;Habitation, en cas de constatation de pr\u00e9sence de termite, une d\u00e9claration doit \u00eatre effectu\u00e9e aupr\u00e8s du maire de la commune dans un d\u00e9lai d&#8217;un mois.<\/span><br><span style=\"color: #333399;\">Si le propri\u00e9taire ne d\u00e9clare pas la pr\u00e9sence de termites \u00e0 la mairie, il encourt une amende. Lorsque les termites sont pr\u00e9sentes dans les parties communes d&#8217;un immeuble soumis \u00e0 la loi sur la copropri\u00e9t\u00e9, la d\u00e9claration incombe au syndicat des copropri\u00e9taires<\/span><span style=\"color: #333399;\">&nbsp;.&nbsp;<\/span><\/p>\n\n\n\n<p class=\"has-text-align-right\"><a href=\"http:\/\/aeedi.com\/aeedi\/?page_id=461\"><strong>Demande De Devis<\/strong><\/a><\/p>\n","protected":false},"excerpt":{"rendered":"<p>Diagnostic Etat Parasitaire Et Termites. Notre Objectif.Le diagnostic termite doit obligatoirement \u00eatre annex\u00e9 \u00e0 l\u2019acte de vente afin de prot\u00e9ger le futur acqu\u00e9reur. En effet, les d\u00e9g\u00e2ts caus\u00e9s par les termites peuvent aller jusqu&#8217;\u00e0 l&#8217;effondrement d&#8217;une maison si la structure de celle-ci est en bois ou contient du bois en quantit\u00e9.En une cinquantaine d&#8217;ann\u00e9es, les [&hellip;]<\/p>\n","protected":false},"author":2,"featured_media":0,"parent":74,"menu_order":3,"comment_status":"closed","ping_status":"closed","template":"","meta":{"advanced_seo_description":"","jetpack_seo_html_title":"","jetpack_seo_noindex":false,"footnotes":""},"class_list":["post-121","page","type-page","status-publish","hentry"],"jetpack_sharing_enabled":true,"jetpack-related-posts":[],"jetpack_shortlink":"https:\/\/wp.me\/PfCazb-1X","_links":{"self":[{"href":"https:\/\/aeedi.com\/aeedi\/wp-json\/wp\/v2\/pages\/121","targetHints":{"allow":["GET"]}}],"collection":[{"href":"https:\/\/aeedi.com\/aeedi\/wp-json\/wp\/v2\/pages"}],"about":[{"href":"https:\/\/aeedi.com\/aeedi\/wp-json\/wp\/v2\/types\/page"}],"author":[{"embeddable":true,"href":"https:\/\/aeedi.com\/aeedi\/wp-json\/wp\/v2\/users\/2"}],"replies":[{"embeddable":true,"href":"https:\/\/aeedi.com\/aeedi\/wp-json\/wp\/v2\/comments?post=121"}],"version-history":[{"count":0,"href":"https:\/\/aeedi.com\/aeedi\/wp-json\/wp\/v2\/pages\/121\/revisions"}],"up":[{"embeddable":true,"href":"https:\/\/aeedi.com\/aeedi\/wp-json\/wp\/v2\/pages\/74"}],"wp:attachment":[{"href":"https:\/\/aeedi.com\/aeedi\/wp-json\/wp\/v2\/media?parent=121"}],"curies":[{"name":"wp","href":"https:\/\/api.w.org\/{rel}","templated":true}]}}