{"id":123,"date":"2008-11-03T21:37:58","date_gmt":"2008-11-03T19:37:58","guid":{"rendered":"http:\/\/aeedi.com\/aeedi\/?page_id=123"},"modified":"2024-03-15T17:41:42","modified_gmt":"2024-03-15T16:41:42","slug":"lois-carrez","status":"publish","type":"page","link":"https:\/\/aeedi.com\/aeedi\/diagnostics\/lois-carrez\/","title":{"rendered":"Lois Carrez"},"content":{"rendered":"\n<h3 class=\"wp-block-heading\">&nbsp;<\/h3>\n\n\n\n<h3 class=\"wp-block-heading\"><a href=\"https:\/\/i0.wp.com\/aeedi.com\/aeedi\/wp-content\/uploads\/logo.jpg\"><img data-recalc-dims=\"1\" loading=\"lazy\" decoding=\"async\" class=\"alignright size-medium wp-image-345\" title=\"logo\" src=\"https:\/\/i0.wp.com\/aeedi.com\/aeedi\/wp-content\/uploads\/logo.jpg?resize=300%2C95\" alt=\"\" width=\"300\" height=\"95\" srcset=\"https:\/\/i0.wp.com\/aeedi.com\/aeedi\/wp-content\/uploads\/logo.jpg?resize=300%2C95&amp;ssl=1 300w, https:\/\/i0.wp.com\/aeedi.com\/aeedi\/wp-content\/uploads\/logo.jpg?w=1464&amp;ssl=1 1464w\" sizes=\"auto, (max-width: 300px) 100vw, 300px\" \/><\/a><span style=\"color: #333399;\">M<em>ETRAGE LOI CARREZ<\/em><\/span><\/h3>\n\n\n\n<div>&nbsp;<\/div>\n\n\n<div class=\"wp-block-image\">\n<figure class=\"alignleft\"><a href=\"https:\/\/i0.wp.com\/aeedi.com\/aeedi\/wp-content\/uploads\/photo-lc.jpg\"><img data-recalc-dims=\"1\" loading=\"lazy\" decoding=\"async\" width=\"118\" height=\"74\" src=\"https:\/\/i0.wp.com\/aeedi.com\/aeedi\/wp-content\/uploads\/photo-lc.jpg?resize=118%2C74\" alt=\"\" class=\"wp-image-440\" title=\"photo-lc\"\/><\/a><\/figure>\n<\/div>\n\n\n<p><strong><em><span style=\"text-decoration: underline;\">N<span style=\"color: #333399;\">otre Objectif<\/span><\/span><\/em><\/strong><br><span style=\"color: #333399;\"><strong><span style=\"text-decoration: underline;\">La Loi Carrez <\/span><\/strong>impose au vendeur d&#8217;indiquer et de garantir la surface privative exacte (tol\u00e9rance de 5% seulement) dans tous les avant-contrats et contrats de vente, pour un lot d&#8217;habitation en copropri\u00e9t\u00e9.<br>L&#8217;intervention d&#8217;un expert n&#8217;est pas indispensable, mais fortement recommand\u00e9e en raison de la faible tol\u00e9rance d&#8217;erreur.<br>La nullit\u00e9 de l&#8217;acte peut en effet \u00eatre invoqu\u00e9e sur le fondement de l&#8217;absence de toute mention de superficie. En effet, l&#8217;acqu\u00e9reur peut invalider l&#8217;acte en l&#8217;absence de mention de surface, m\u00eame accept\u00e9e par lui auparavant. Il peut obtenir une r\u00e9duction du prix d&#8217;acquisition proportionnelle au d\u00e9faut de surface si la surface r\u00e9elle est inf\u00e9rieure de 5 % \u00e0 celle certifi\u00e9e.<br>Les surfaces mentionn\u00e9es dans des documents ant\u00e9rieurs \u00e0 1997 (ycompris actes notari\u00e9s, de promoteur ou d&#8217;architecte&#8230;) peuvent \u00eatre diff\u00e9rentes de la surface Carrez, Destin\u00e9e \u00e0 prot\u00e9ger les acheteurs d&#8217;un bien immobilier, la <strong><span style=\"text-decoration: underline;\">loi Carrez<\/span><\/strong> permet de d\u00e9terminer avec exactitude la superficie du bien \u00e0 vendre, neuf ou ancien.<\/span><\/p>\n\n\n<div class=\"wp-block-image\">\n<figure class=\"alignright\"><a href=\"https:\/\/i0.wp.com\/aeedi.com\/aeedi\/wp-content\/uploads\/photo-lc-2.jpg\"><img data-recalc-dims=\"1\" loading=\"lazy\" decoding=\"async\" width=\"61\" height=\"58\" src=\"https:\/\/i0.wp.com\/aeedi.com\/aeedi\/wp-content\/uploads\/photo-lc-2.jpg?resize=61%2C58\" alt=\"\" class=\"wp-image-442\" title=\"photo-lc-2\"\/><\/a><\/figure>\n<\/div>\n\n\n<p><span style=\"color: #333399;\"><strong><em><span style=\"text-decoration: underline;\">Notre Mission<br><\/span><\/em><\/strong>Le mesurage s&#8217;effectue \u00e0 l&#8217;aide d&#8217;un t\u00e9l\u00e9m\u00e8tre laser des superficies des planchers. Le calcul de la superficie privative totale et des superficies annexes (hors Carrez). <br>Le diagnostiqueur <strong><span style=\"text-decoration: underline;\">AEEDI<\/span><\/strong>, apr\u00e8s contr\u00f4le du r\u00e8glement de copropri\u00e9t\u00e9, proc\u00e8de \u00e0 l&#8217;\u00e9laboration du certificat de mesurage, qui mentionne la superficie <strong><span style=\"text-decoration: underline;\">&#8220;Loi Carrez&#8221;<\/span><\/strong> ainsi que les surfaces non prises en compte, conform\u00e9ment \u00e0 la r\u00e9glementation. Cette mesure s\u2019applique uniquement \u00e0 des biens en copropri\u00e9t\u00e9 (verticale ou horizontale) et ne concerne pas les maisons individuelles et b\u00e2timents isol\u00e9s, m\u00eame ceux organis\u00e9s sous forme d&#8217;association syndicale libre, d&#8217;autre part, la loi Carrez ne s&#8217;applique pas dans le cas de l&#8217;achat sur plan, qui est soumis \u00e0<strong><span style=\"text-decoration: underline;\"> l&#8217;article R 261-13<\/span><\/strong> du Code de la Construction, ni \u00e0 l&#8217;achat de terrains \u00e0 b\u00e2tir. <\/span><\/p>\n\n\n<div class=\"wp-block-image\">\n<figure class=\"alignleft\"><a href=\"https:\/\/i0.wp.com\/aeedi.com\/aeedi\/wp-content\/uploads\/photo-lc.jpg\"><img data-recalc-dims=\"1\" loading=\"lazy\" decoding=\"async\" width=\"118\" height=\"74\" src=\"https:\/\/i0.wp.com\/aeedi.com\/aeedi\/wp-content\/uploads\/photo-lc.jpg?resize=118%2C74\" alt=\"\" class=\"wp-image-440\" title=\"photo-lc\"\/><\/a><\/figure>\n<\/div>\n\n\n<p><span style=\"color: #333399;\">Le passage par un professionnel n&#8217;est pas obligatoire mais n\u00e9anmoins conseill\u00e9. <span style=\"text-decoration: underline;\">La loi carrez<\/span> d\u00e9finit&nbsp; en effet des fractions de lots non prises en compte ainsi que des exclusions du calcul, complexes pour un non-professionnel. Ainsi, la superficie concern\u00e9e est celle des planchers, des locaux clos et couverts, hors ceux dont la hauteur sous plafond est inf\u00e9rieure \u00e0 1,80 m\u00e8tre, apr\u00e8s d\u00e9duction des surfaces occup\u00e9es par les murs, cloisons, marches, cages d\u2019escalier, gaines, embrasures de portes et fen\u00eatres (pour la portion de gros \u0153uvre relevant des parties communes). En sont aussi exclus les terrasses et les balcons, m\u00eame s\u2019ils ont \u00e9t\u00e9 transform\u00e9s en loggias. En revanche, les placards, s\u2019ils partent du sol et ont une hauteur de plafond sup\u00e9rieure \u00e0 1,80 m\u00e8tre, peuvent \u00eatre inclus dans cette surface.<\/span><\/p>\n\n\n\n<p><span style=\"color: #333399;\"><strong><em><span style=\"text-decoration: underline;\">Cons\u00e9quences relatives du non respect de la loi Carrez<br><\/span><\/em><\/strong>&#8211; Si la surface <strong><span style=\"text-decoration: underline;\">loi Carrez<\/span><\/strong> n\u2019est pas mentionn\u00e9e dans l\u2019acte de vente, celui-ci pourra \u00eatre d\u00e9clar\u00e9 nul dans un d\u00e9lai d&#8217;un mois \u00e0 compter de la signature.<br>&#8211; Si la mention de la superficie a \u00e9t\u00e9 omise dans la promesse ou le compromis de vente mais qu&#8217;elle figure dans l&#8217;acte de vente, l&#8217;action en nullit\u00e9 est impossible<br>&#8211; Si la superficie r\u00e9elle est inf\u00e9rieure de plus de 5% \u00e0 celle indiqu\u00e9e dans l&#8217;acte, l&#8217;acheteur peut intenter une action en r\u00e9duction de prix dans un d\u00e9lai d&#8217;un an \u00e0 compter de la signature de l&#8217;acte de vente.<\/span><\/p>\n\n\n\n<p><strong><em><span style=\"text-decoration: underline;\"><span style=\"color: #333399;\">Limites de la mission<\/span><\/span><\/em><\/strong><\/p>\n\n\n<div class=\"wp-block-image\">\n<figure class=\"alignright\"><a href=\"https:\/\/i0.wp.com\/aeedi.com\/aeedi\/wp-content\/uploads\/photo-lc-2.jpg\"><img data-recalc-dims=\"1\" loading=\"lazy\" decoding=\"async\" width=\"61\" height=\"58\" src=\"https:\/\/i0.wp.com\/aeedi.com\/aeedi\/wp-content\/uploads\/photo-lc-2.jpg?resize=61%2C58\" alt=\"\" class=\"wp-image-442\" title=\"photo-lc-2\"\/><\/a><\/figure>\n<\/div>\n\n\n<p>&nbsp;<span style=\"color: #333399;\">D\u00e9sormais la mention de superficie est obligatoire dans toute promesse ou compromis de vente, \u00e0 d\u00e9faut, la transaction peut \u00eatre annul\u00e9e. Par ailleurs, l\u2019acqu\u00e9reur peut b\u00e9n\u00e9ficier d\u2019une compensation financi\u00e8re \u00e9gale \u00e0 la moindre mesure si la superficie exacte s\u2019av\u00e8re \u00eatre inf\u00e9rieure de plus de 5% \u00e0 celle mentionn\u00e9e dans l\u2019acte (ou promesse), sont exclus : Les Caves, les Garages, les Emplacements de Stationnement (Boxes et Places de Parking) et (les Ventes sur Plan).<br>La loi N\u00b096-1107 du 18\/12\/96, dite loi \u00ab Carrez \u00bb, est entr\u00e9e en application le 19 Juin 1997.<\/span><\/p>\n\n\n\n<p class=\"has-text-align-right\"><a href=\"http:\/\/aeedi.com\/aeedi\/?page_id=461\"><strong>Demande De Devis<\/strong><\/a><\/p>\n","protected":false},"excerpt":{"rendered":"<p>&nbsp; METRAGE LOI CARREZ &nbsp; Notre ObjectifLa Loi Carrez impose au vendeur d&#8217;indiquer et de garantir la surface privative exacte (tol\u00e9rance de 5% seulement) dans tous les avant-contrats et contrats de vente, pour un lot d&#8217;habitation en copropri\u00e9t\u00e9.L&#8217;intervention d&#8217;un expert n&#8217;est pas indispensable, mais fortement recommand\u00e9e en raison de la faible tol\u00e9rance d&#8217;erreur.La nullit\u00e9 de [&hellip;]<\/p>\n","protected":false},"author":2,"featured_media":0,"parent":74,"menu_order":6,"comment_status":"closed","ping_status":"closed","template":"","meta":{"advanced_seo_description":"","jetpack_seo_html_title":"","jetpack_seo_noindex":false,"footnotes":""},"class_list":["post-123","page","type-page","status-publish","hentry"],"jetpack_sharing_enabled":true,"jetpack-related-posts":[],"jetpack_shortlink":"https:\/\/wp.me\/PfCazb-1Z","_links":{"self":[{"href":"https:\/\/aeedi.com\/aeedi\/wp-json\/wp\/v2\/pages\/123","targetHints":{"allow":["GET"]}}],"collection":[{"href":"https:\/\/aeedi.com\/aeedi\/wp-json\/wp\/v2\/pages"}],"about":[{"href":"https:\/\/aeedi.com\/aeedi\/wp-json\/wp\/v2\/types\/page"}],"author":[{"embeddable":true,"href":"https:\/\/aeedi.com\/aeedi\/wp-json\/wp\/v2\/users\/2"}],"replies":[{"embeddable":true,"href":"https:\/\/aeedi.com\/aeedi\/wp-json\/wp\/v2\/comments?post=123"}],"version-history":[{"count":0,"href":"https:\/\/aeedi.com\/aeedi\/wp-json\/wp\/v2\/pages\/123\/revisions"}],"up":[{"embeddable":true,"href":"https:\/\/aeedi.com\/aeedi\/wp-json\/wp\/v2\/pages\/74"}],"wp:attachment":[{"href":"https:\/\/aeedi.com\/aeedi\/wp-json\/wp\/v2\/media?parent=123"}],"curies":[{"name":"wp","href":"https:\/\/api.w.org\/{rel}","templated":true}]}}