{"id":125,"date":"2008-11-03T21:39:24","date_gmt":"2008-11-03T19:39:24","guid":{"rendered":"http:\/\/aeedi.com\/aeedi\/?page_id=125"},"modified":"2024-03-15T17:42:31","modified_gmt":"2024-03-15T16:42:31","slug":"performance-energetique","status":"publish","type":"page","link":"https:\/\/aeedi.com\/aeedi\/diagnostics\/performance-energetique\/","title":{"rendered":"Performance Energ\u00e9tique"},"content":{"rendered":"\n<h3 class=\"wp-block-heading\">&nbsp;<em><span style=\"color: #333399;\">Le diagnostic de performances \u00e9nerg\u00e9tiques.<a href=\"https:\/\/i0.wp.com\/aeedi.com\/aeedi\/wp-content\/uploads\/logo.jpg\"><span style=\"color: #333399;\"><img data-recalc-dims=\"1\" loading=\"lazy\" decoding=\"async\" class=\"alignright size-medium wp-image-345\" title=\"logo\" src=\"https:\/\/i0.wp.com\/aeedi.com\/aeedi\/wp-content\/uploads\/logo.jpg?resize=300%2C95\" alt=\"\" width=\"300\" height=\"95\" srcset=\"https:\/\/i0.wp.com\/aeedi.com\/aeedi\/wp-content\/uploads\/logo.jpg?resize=300%2C95&amp;ssl=1 300w, https:\/\/i0.wp.com\/aeedi.com\/aeedi\/wp-content\/uploads\/logo.jpg?w=1464&amp;ssl=1 1464w\" sizes=\"auto, (max-width: 300px) 100vw, 300px\" \/><\/span><\/a><\/span><\/em><\/h3>\n\n\n\n<p><span style=\"color: #333399;\">Le diagnostic de performances \u00e9nerg\u00e9tiques est communiqu\u00e9 \u00e0 l&#8217;acqu\u00e9reur dans les conditions et selon les modalit\u00e9s pr\u00e9vues aux articles L 271 4 \u00e0 L 271 6 du code de la construction et de l&#8217;habitation. <\/span><\/p>\n\n\n<div class=\"wp-block-image\">\n<figure class=\"alignleft\"><a href=\"https:\/\/i0.wp.com\/aeedi.com\/aeedi\/wp-content\/uploads\/dpe.jpg\"><img data-recalc-dims=\"1\" loading=\"lazy\" decoding=\"async\" width=\"130\" height=\"130\" src=\"https:\/\/i0.wp.com\/aeedi.com\/aeedi\/wp-content\/uploads\/dpe.jpg?resize=130%2C130\" alt=\"\" class=\"wp-image-453\" title=\"dpe\"\/><\/a><\/figure>\n<\/div>\n\n\n<p><span style=\"color: #333399;\">Lorsque l&#8217;immeuble est offert \u00e0 la vente le propri\u00e9taire tient le diagnostic de performances \u00e9nerg\u00e9tiques \u00e0 la disposition de, tout candidat acqu\u00e9reur ou locataire qui en fait la demande. Si le document produit lors de la signature de la promesse de vente n&#8217;est plus en cours de validit\u00e9 \u00e0 la date de signature l&#8217;acte authentique, il sera remplac\u00e9 par un nouveau document annex\u00e9 \u00e0 l&#8217;acte authentique. <\/span><\/p>\n\n\n\n<p><span style=\"color: #333399;\">L&#8217;acqu\u00e9reur ne peut se pr\u00e9valoir a l&#8217;encontre du propri\u00e9taire des informations contenues dans le diagnostic de performances \u00e9nerg\u00e9tiques : elles n&#8217;ont qu&#8217;une valeur informative. Le gouvernement souhaite que les mesures relative s au diagnostic de performances \u00e9nerg\u00e9tiques entre en application \u00e0 compter du 1er juillet 2006 dans le cas des ventes immobili\u00e8res. <\/span><\/p>\n\n\n\n<p><span style=\"color: #333399;\">On rappellera \u00e0 toutes fins utiles, qu&#8217;il subsiste d&#8217;autres diagnostics \u00e0 venir comme celui concernant l&#8217;\u00e9tat des installations \u00e9lectriques ou du r\u00e9seau d&#8217;assainissement<br>Diagnostic Immobilier : du nouveau pour les locations !<br>Le diagnostic de performance \u00e9nerg\u00e9tique (DPE) d\u00e9j\u00e0 obligatoire dans le cadre d\u2019une vente d\u2019un logement depuis le 1er novembre 2006 devient \u00e9galement obligatoire en cas de location pour les baux sign\u00e9s ou renouvel\u00e9s \u00e0 partir du 1er juillet 2007 (ordonnance du 8.6.05). L&#8217;arr\u00eat\u00e9 interminist\u00e9riel du 3 mai 2007 pr\u00e9cise les conditions d&#8217;\u00e9tablissement du DPE pour les logements existants mis en location. <\/span><\/p>\n\n\n\n<p><span style=\"color: #333399;\"><strong><em><span style=\"text-decoration: underline;\">Quels sont les logements concern\u00e9s par le DPE ? Y a-t-il des exclusions ?<\/span><\/em><\/strong> <\/span><\/p>\n\n\n<div class=\"wp-block-image\">\n<figure class=\"alignright\"><a href=\"https:\/\/i0.wp.com\/aeedi.com\/aeedi\/wp-content\/uploads\/dpe-1.jpg\"><img data-recalc-dims=\"1\" loading=\"lazy\" decoding=\"async\" width=\"83\" height=\"74\" src=\"https:\/\/i0.wp.com\/aeedi.com\/aeedi\/wp-content\/uploads\/dpe-1.jpg?resize=83%2C74\" alt=\"\" class=\"wp-image-454\" title=\"dpe-1\"\/><\/a><\/figure>\n<\/div>\n\n\n<p><span style=\"color: #333399;\">L\u2019article R134-1du Code de la Construction et de l\u2019Habitat pr\u00e9cise que DPE est obligatoire pour les b\u00e2timents existants \u00e0 usage principal d&#8217;habitation situ\u00e9 en m\u00e9tropole : maison ou logement situ\u00e9 dans un immeuble collectif.<br>Ne sont pas concern\u00e9s :<br>\u00b7&nbsp; Les constructions provisoires pr\u00e9vues pour une dur\u00e9e&nbsp;&nbsp; d&#8217;utilisation \u00e9gale ou inf\u00e9rieure \u00e0 deux ans .<br>\u00b7&nbsp; Les b\u00e2timents ind\u00e9pendants dont la surface hors \u0153uvre brute est inf\u00e9rieure \u00e0 50 m\u00e8tres carr\u00e9s .<br>\u00b7&nbsp; Les b\u00e2timents \u00e0 usage agricole, artisanal ou industriel, autres que les locaux servant \u00e0 l&#8217;habitation, qui ne demandent qu&#8217;une faible quantit\u00e9 d&#8217;\u00e9nergie pour le chauffage, la production d&#8217;eau chaude sanitaire ou le refroidissement&nbsp;.<br>\u00b7&nbsp; Les b\u00e2timents servant de lieux de culte .<br>\u00b7&nbsp; Les monuments historiques class\u00e9s ou inscrits \u00e0 l&#8217;inventaire en application du code du patrimoine.<br>Lorsqu&#8217;il s&#8217;agit d&#8217;un logement situ\u00e9 dans un immeuble collectif, le DPE location porte sur les parties privatives du lot.<br>L&#8217;obligation de fournir un DPE s&#8217;applique \u00e0 tous les propri\u00e9taires du secteur priv\u00e9 (personne physique, ou personne morale-soci\u00e9t\u00e9, compagnie d&#8217;assurance) ou du secteur public (organisme HLM, par exemple), quel que soit le r\u00e9gime de la location (location nue, meubl\u00e9e ou saisonni\u00e8re, logement de fonction et location consentie \u00e0 des travailleurs saisonniers) ; elle ne s&#8217;applique pas en revanche aux logements-foyers (loi du 6.7.89 : art 2 et 3-1). <\/span><\/p>\n\n\n\n<p><span style=\"color: #333399;\"><strong><em><span style=\"text-decoration: underline;\">Quand doit-on r\u00e9aliser un DPE ? \u2013 Quelle est sa dur\u00e9e de validit\u00e9 ? <\/span><\/em><\/strong><\/span><\/p>\n\n\n<div class=\"wp-block-image\">\n<figure class=\"alignleft\"><a href=\"https:\/\/i0.wp.com\/aeedi.com\/aeedi\/wp-content\/uploads\/dpe.jpg\"><img data-recalc-dims=\"1\" loading=\"lazy\" decoding=\"async\" width=\"130\" height=\"130\" src=\"https:\/\/i0.wp.com\/aeedi.com\/aeedi\/wp-content\/uploads\/dpe.jpg?resize=130%2C130\" alt=\"\" class=\"wp-image-453\" title=\"dpe\"\/><\/a><\/figure>\n<\/div>\n\n\n<p><span style=\"color: #333399;\">Le DPE doit \u00eatre annex\u00e9 au bail lors de sa signature ou de son renouvellement. Il est tenu \u00e0 la disposition de tout candidat locataire qui lui en fait la demande, par le propri\u00e9taire.<br>En revanche, &#8220;les reconductions tacites de contrats de bail, les cessions de bail, les \u00e9changes ne sont pas soumises \u00e0 l&#8217;obligation de DPE. <\/span><\/p>\n\n\n\n<p><span style=\"color: #333399;\">Le DPE est valable 10 ans. Il est \u00e0 not\u00e9 qu\u2019un DPE r\u00e9alis\u00e9 dans le cadre d\u2019une vente ou d\u2019une construction du logement sera valable ult\u00e9rieurement pour la location de ce m\u00eame logement. (Articles R134-1&amp; 135-5 du Code de la Construction et de l\u2019Habitat).<\/span><\/p>\n\n\n\n<p><span style=\"color: #333399;\"><strong><em><span style=\"text-decoration: underline;\">Quel est le contenu du DPE ? (Articles R134-2 &amp; 132-3 du Code de la Construction et de l\u2019Habitat et arr\u00eat\u00e9 du 3.5 07). <\/span><\/em><\/strong><\/span><\/p>\n\n\n\n<p><span style=\"color: #333399;\">Le DPE \u00e0 comparer et estimer la performance \u00e9nerg\u00e9tique du logement. Il indique suivant les cas:<br>\u00b7&nbsp; soit la quantit\u00e9 d&#8217;\u00e9nergie effectivement consomm\u00e9e (sur la base de relev\u00e9s de consommations d&#8217;\u00e9nergie),<br>\u00b7&nbsp; soit la quantit\u00e9 d&#8217;\u00e9nergie estim\u00e9e pour une utilisation standardis\u00e9e du b\u00e2timent ou du logement.<br>Le logement est class\u00e9 par une \u00e9tiquette \u00e9nergie le situant dans une grille d&#8217;\u00e9valuation classant les b\u00e2timents suivant leur performance \u00e9nerg\u00e9tique et par une seconde \u00e9tiquette indiquant les \u00e9missions de gaz \u00e0 effet de serre li\u00e9es aux consommations d&#8217;\u00e9nergie estim\u00e9es ou relev\u00e9es.<\/span><\/p>\n\n\n<div class=\"wp-block-image\">\n<figure class=\"alignright\"><a href=\"https:\/\/i0.wp.com\/aeedi.com\/aeedi\/wp-content\/uploads\/dpe-1.jpg\"><img data-recalc-dims=\"1\" loading=\"lazy\" decoding=\"async\" width=\"83\" height=\"74\" src=\"https:\/\/i0.wp.com\/aeedi.com\/aeedi\/wp-content\/uploads\/dpe-1.jpg?resize=83%2C74\" alt=\"\" class=\"wp-image-454\" title=\"dpe-1\"\/><\/a><\/figure>\n<\/div>\n\n\n<p>Le diagnostic peut \u00eatre accompagn\u00e9 de recommandations destin\u00e9es \u00e0 am\u00e9liorer cette performance.<br>Le DPE est \u00e9tabli conform\u00e9ment \u00e0 un mod\u00e8le type (arr\u00eat\u00e9 du 3.5.07).<br>Le diagnostic de performance \u00e9nerg\u00e9tique n&#8217;a qu&#8217;une valeur informative : le locataire ne peut se pr\u00e9valoir des informations contenues dans ce diagnostic \u00e0 l&#8217;encontre du propri\u00e9taire.<\/p>\n\n\n\n<p><span style=\"color: #333399;\"><strong><em><span style=\"text-decoration: underline;\">Qui peut r\u00e9aliser un DPE ? <\/span><\/em><\/strong><\/span><\/p>\n\n\n\n<p><span style=\"color: #333399;\">Le DPE doit \u00eatre \u00e9tabli par une personne ayant satisfait \u00e0 une formation attestant de leur comp\u00e9tence et ayant souscrit une assurance couvrant les cons\u00e9quences d&#8217;un engagement de sa responsabilit\u00e9 civile professionnelle. De plus, \u00e0 partir du 1er novembre 2007, les professionnels du diagnostic immobilier devront \u00eatre accr\u00e9dit\u00e9s par un organisme de certification. <\/span><\/p>\n\n\n\n<p><span style=\"color: #333399;\">R\u00e9f\u00e9rences officiels : &#8211; Loi du 6 juillet 1989 : art 2 et 3-1, modifi\u00e9e par l&#8217;ordonnance du 8 juin 2005 (JO du 9.6.05)<br>&#8211; CCH : L. 134- 3 et R. 134-1 \u00e0 134-5<br>&#8211; Arr\u00eat\u00e9 du 3 mai 2007 (JO du 17.5.07)<\/span><\/p>\n\n\n\n<p class=\"has-text-align-right\"><a href=\"http:\/\/aeedi.com\/aeedi\/?page_id=461\"><strong>Demande De Devis<\/strong><\/a><\/p>\n","protected":false},"excerpt":{"rendered":"<p>&nbsp;Le diagnostic de performances \u00e9nerg\u00e9tiques. Le diagnostic de performances \u00e9nerg\u00e9tiques est communiqu\u00e9 \u00e0 l&#8217;acqu\u00e9reur dans les conditions et selon les modalit\u00e9s pr\u00e9vues aux articles L 271 4 \u00e0 L 271 6 du code de la construction et de l&#8217;habitation. Lorsque l&#8217;immeuble est offert \u00e0 la vente le propri\u00e9taire tient le diagnostic de performances \u00e9nerg\u00e9tiques \u00e0 [&hellip;]<\/p>\n","protected":false},"author":2,"featured_media":0,"parent":74,"menu_order":7,"comment_status":"closed","ping_status":"closed","template":"","meta":{"advanced_seo_description":"","jetpack_seo_html_title":"","jetpack_seo_noindex":false,"footnotes":""},"class_list":["post-125","page","type-page","status-publish","hentry"],"jetpack_sharing_enabled":true,"jetpack-related-posts":[],"jetpack_shortlink":"https:\/\/wp.me\/PfCazb-21","_links":{"self":[{"href":"https:\/\/aeedi.com\/aeedi\/wp-json\/wp\/v2\/pages\/125","targetHints":{"allow":["GET"]}}],"collection":[{"href":"https:\/\/aeedi.com\/aeedi\/wp-json\/wp\/v2\/pages"}],"about":[{"href":"https:\/\/aeedi.com\/aeedi\/wp-json\/wp\/v2\/types\/page"}],"author":[{"embeddable":true,"href":"https:\/\/aeedi.com\/aeedi\/wp-json\/wp\/v2\/users\/2"}],"replies":[{"embeddable":true,"href":"https:\/\/aeedi.com\/aeedi\/wp-json\/wp\/v2\/comments?post=125"}],"version-history":[{"count":0,"href":"https:\/\/aeedi.com\/aeedi\/wp-json\/wp\/v2\/pages\/125\/revisions"}],"up":[{"embeddable":true,"href":"https:\/\/aeedi.com\/aeedi\/wp-json\/wp\/v2\/pages\/74"}],"wp:attachment":[{"href":"https:\/\/aeedi.com\/aeedi\/wp-json\/wp\/v2\/media?parent=125"}],"curies":[{"name":"wp","href":"https:\/\/api.w.org\/{rel}","templated":true}]}}