{"id":17,"date":"2008-10-14T19:12:01","date_gmt":"2008-10-14T17:12:01","guid":{"rendered":"http:\/\/aeedi.com\/aeedi\/?page_id=17"},"modified":"2024-03-15T17:53:42","modified_gmt":"2024-03-15T16:53:42","slug":"a-propos-de","status":"publish","type":"page","link":"https:\/\/aeedi.com\/aeedi\/a-propos-de\/","title":{"rendered":"\u00c0 propos de"},"content":{"rendered":"<div class=\"wp-block-image\">\n<figure class=\"alignright\"><a href=\"https:\/\/i0.wp.com\/aeedi.com\/aeedi\/wp-content\/uploads\/logo.jpg\"><img data-recalc-dims=\"1\" loading=\"lazy\" decoding=\"async\" width=\"300\" height=\"95\" src=\"https:\/\/i0.wp.com\/aeedi.com\/aeedi\/wp-content\/uploads\/logo.jpg?resize=300%2C95\" alt=\"\" class=\"wp-image-345\" title=\"logo\" srcset=\"https:\/\/i0.wp.com\/aeedi.com\/aeedi\/wp-content\/uploads\/logo.jpg?resize=300%2C95&amp;ssl=1 300w, https:\/\/i0.wp.com\/aeedi.com\/aeedi\/wp-content\/uploads\/logo.jpg?w=1464&amp;ssl=1 1464w\" sizes=\"auto, (max-width: 300px) 100vw, 300px\" \/><\/a><\/figure>\n<\/div>\n\n\n<div class=\"description\"><span style=\"color: #333399;\"><strong><\/strong><\/span><\/div>\n\n\n\n<div class=\"description\" style=\"text-align: center;\"><span style=\"color: #333399;\"><strong><span style=\"text-decoration: underline;\">Agence Expert En Diagnostics Immobiliers (AEEDI)<\/span><\/strong>&nbsp;&nbsp;&nbsp;&nbsp;<span style=\"text-decoration: underline;\">&nbsp; <strong>Si\u00e8ge social&nbsp;:<\/strong><\/span><\/span><\/div>\n\n\n\n<div class=\"description\" style=\"text-align: center;\"><span style=\"color: #333399;\">&nbsp;<\/span><span style=\"color: #333399;\"><strong>&nbsp;<\/strong><\/span><\/div>\n\n\n\n<div class=\"description\" style=\"text-align: center;\">\n<p style=\"text-align: center;\"><strong><span style=\"color: #000080;\">&nbsp;168 All\u00e9e du Ch\u00eane au Loup&nbsp;<\/span><\/strong><\/p>\n<p style=\"text-align: center;\"><strong><span style=\"color: #333399;\">&nbsp;&#8211;&nbsp; 60520 LA CHAPELLE EN SERVAL<\/span><\/strong><\/p>\n<p><span style=\"color: #333399;\"><strong>RCS Compi\u00e8gne&nbsp; 508 607 777 000 10&nbsp;&nbsp;&nbsp; S.A.R.L. Au capital de 2000<\/strong><strong>&nbsp;<\/strong><\/span><\/p>\n<p><strong><span style=\"color: #333399;\"><span style=\"text-decoration: underline;\">G\u00e9rant, G\u00e9rald&nbsp; AMMOUN<\/span><\/span><\/strong><\/p>\n<p>&nbsp;<\/p>\n<p style=\"text-align: left;\"><strong><span style=\"color: #333399;\">&#8211; Contrat Assurance Assurance RCP : GAN ASSURANCES N\u00b0131.201.346<br><\/span><\/strong><\/p>\n<p style=\"text-align: left;\"><strong><span style=\"color: #333399;\">&#8211; \u00c9tudes et formations au CESI de Rouen<\/span><\/strong><\/p>\n<p style=\"text-align: left;\"><strong><span style=\"color: #333399;\">&#8211; Certificat\u00e9 par AFNOR Certification 11 Rue Francis De Pressens\u00e9 &#8211; 93571 LA PLAINE SAINT DENIS CEDEX<\/span><\/strong><\/p>\n<figure><a href=\"https:\/\/i0.wp.com\/aeedi.com\/aeedi\/wp-content\/uploads\/ACP_diag_immo_coul.jpg\"><img data-recalc-dims=\"1\" loading=\"lazy\" decoding=\"async\" class=\"alignleft size-medium wp-image-511\" src=\"https:\/\/i0.wp.com\/aeedi.com\/aeedi\/wp-content\/uploads\/ACP_diag_immo_coul.jpg?resize=300%2C280\" alt=\"ACP_diag_immo_coul\" width=\"300\" height=\"280\" srcset=\"https:\/\/i0.wp.com\/aeedi.com\/aeedi\/wp-content\/uploads\/ACP_diag_immo_coul.jpg?resize=300%2C280&amp;ssl=1 300w, https:\/\/i0.wp.com\/aeedi.com\/aeedi\/wp-content\/uploads\/ACP_diag_immo_coul.jpg?w=680&amp;ssl=1 680w\" sizes=\"auto, (max-width: 300px) 100vw, 300px\" \/><\/a><\/figure><p style=\"text-align: left;\"><\/p>\n<p>&nbsp;<\/p>\n<p style=\"text-align: left;\"><strong><span style=\"color: #000080;\"><span style=\"color: #333399;\">PERSONNE COMPETENTE EN RADIOPROTECTION (PCR), MESURER LES LOTS DE COPROPRIETE, TERMITE, AMIANTE, PLOMB, PERFORMANCE ENERGETIQUE (DPE), INSTALLATION INTERIEURES DE GAZ, INSTALLATION INT\u00c9RIEURES D&#8217;\u00c9LECTRICIT\u00c9,&nbsp;&nbsp;&nbsp;&nbsp;&nbsp;&nbsp;&nbsp;&nbsp;&nbsp;&nbsp;&nbsp;&nbsp;&nbsp;&nbsp;&nbsp;&nbsp;&nbsp;&nbsp;&nbsp;&nbsp;&nbsp;&nbsp;&nbsp;&nbsp;&nbsp;&nbsp;&nbsp;&nbsp;&nbsp;&nbsp;&nbsp;&nbsp;&nbsp;&nbsp;&nbsp;&nbsp;&nbsp;&nbsp;&nbsp;<\/span><\/span><\/strong><strong><span style=\"color: #000080;\"><span style=\"color: #333399;\">&nbsp;&nbsp;&nbsp;&nbsp;&nbsp;&nbsp; <\/span><\/span><\/strong><\/p>\n<p>&nbsp;<\/p>\n<div><span style=\"color: #000080;\"><strong>&nbsp;<\/strong><\/span><\/div>\n<div><span style=\"color: #000080;\"><strong><span style=\"color: #ff0000;\">Pour&nbsp;Trouver un op\u00e9rateur certifi\u00e9<\/span><\/strong><\/span><\/div>\n<p style=\"text-align: center;\">http:\/\/www.boutique-certification-personnes.afnor.org\/ecpfre\/2010\/diagnostic-inspection\/diagnostics-immobiliers\/diagnostics-immobiliers\/cc001#<\/p>\n<\/div>\n\n\n\n<div class=\"description\" style=\"text-align: center;\"><span style=\"color: #000080;\">&nbsp;<\/span><\/div>\n\n\n\n<div class=\"description\" style=\"text-align: center;\"><span style=\"color: #000080;\">&nbsp;<\/span><\/div>\n\n\n\n<div class=\"description\" style=\"text-align: left;\"><span style=\"color: #000080;\">Propose une prestation de qualit\u00e9 en s&#8217;assurant du niveau irr\u00e9prochable de ses prestataires.<\/span><\/div>\n\n\n\n<div class=\"description\" style=\"text-align: left;\">\n<p><span style=\"color: #000080;\">La d\u00e9marche du diagnostiqueur immobilier va permettre \u00e0 tous les acteurs de mieux ma\u00eetriser l&#8217;aspect technique et r\u00e9glementaire du bien, objet de l&#8217;op\u00e9ration immobili\u00e8re. Le l\u00e9gislateur fran\u00e7ais veut clarifier et s\u00e9curiser les op\u00e9rations immobili\u00e8res, tant au niveau de la transaction, que de la location. Depuis 1996, de nouvelles obligations ont \u00e9t\u00e9 impos\u00e9es aux propri\u00e9taires lors de la mise en vente ou de la location de leur bien, pour r\u00e9pondre aux soucis l\u00e9gitimes de la sant\u00e9 et de la s\u00e9curit\u00e9 des occupants, ainsi qu&#8217;\u00e0 l&#8217;obligation d&#8217;information de l&#8217;acqu\u00e9reur ou du locataire.<\/span><\/p>\n<p><span style=\"color: #333399;\"><strong><span style=\"color: #000080;\">Agence Expert En Diagnostics Immobiliers (AEEDI)<\/span><\/strong><span style=\"color: #000080;\"> est devenue le sp\u00e9cialiste incontournable des diagnostics techniques <strong>(Amiante, Plomb, Termites, Gaz, Dpe, Electricit\u00e9, Lois Carrez, Etats Naturels et &#8230;)<\/strong> obligatoires lors de&nbsp;la vente ou de la location d&#8217;un bien immobilier.<\/span><\/span><\/p>\n<p style=\"text-align: left;\"><span style=\"color: #000080;\">Les experts <strong>AEEDI<\/strong> exercent leur m\u00e9tier en toute impartialit\u00e9, en toute ind\u00e9pendance, conform\u00e9ment aux lois et r\u00e9glementations en vigueur. Les experts <strong>AEEDI<\/strong> justifient des formations et certifications n\u00e9cessaires \u00e0 l&#8217;exercice de leurs activit\u00e9es ainsi que de la mise \u00e0 jour r\u00e9guli\u00e8re de leurs connaissances.<\/span><\/p>\n<table style=\"padding: 1px 4px 1px 4px;\" border=\"3\" width=\"500\" cellpadding=\"3\" align=\"left\">\n<tbody>\n<tr>\n<td align=\"left\" valign=\"top\" bgcolor=\"#000080\"><strong><span style=\"color: #ffffff;\">Vos Obligations<\/span><\/strong><\/td>\n<td align=\"left\" valign=\"top\" bgcolor=\"#000080\"><strong><span style=\"color: #ffffff;\">Pour Quels Biens ?<\/span><\/strong><\/td>\n<td align=\"left\" valign=\"top\" bgcolor=\"#000080\"><strong><span style=\"color: #ffffff;\">Validit\u00e9 du Diagnostic<\/span><\/strong><\/td>\n<\/tr>\n<tr>\n<td align=\"left\" valign=\"top\" bgcolor=\"#d2f0ff\"><span style=\"color: #000080;\">Certificat de Loi Carrez<\/span><\/td>\n<td align=\"left\" valign=\"top\" bgcolor=\"#d2f0ff\"><span style=\"color: #000080;\">Tous biens en copropri\u00e9t\u00e9 sup\u00e9rieurs \u00e0 8m<sup>2<\/sup>,<br>sauf parking et garage<\/span><\/td>\n<td align=\"left\" valign=\"top\" bgcolor=\"#d2f0ff\"><span style=\"color: #000080;\">Sans limite, sauf en cas de travaux<\/span><\/td>\n<\/tr>\n<tr>\n<td align=\"left\" valign=\"top\"><span style=\"color: #000080;\">Diagnostic Amiante<\/span><\/td>\n<td align=\"left\" valign=\"top\"><span style=\"color: #000080;\">Permis de construire du bien ant\u00e9rieur au 1er Juillet 1997, y compris<br>cave et parking<\/span><\/td>\n<td align=\"left\" valign=\"top\"><span style=\"color: #000080;\">Sans limite. 3 ans en cas de pr\u00e9sence d&#8217;amiante<\/span><\/td>\n<\/tr>\n<tr>\n<td align=\"left\" valign=\"top\" bgcolor=\"#d2f0ff\"><span style=\"color: #000080;\">Diagnostic Plomb<\/span><\/td>\n<td align=\"left\" valign=\"top\" bgcolor=\"#d2f0ff\"><span style=\"color: #000080;\">Permis de construire du bien ant\u00e9rieur au 1er Janvier 1949<\/span><\/td>\n<td align=\"left\" valign=\"top\" bgcolor=\"#d2f0ff\"><span style=\"color: #000080;\">Sans limite, 1 an en cas de pr\u00e9sence de plomb<\/span><\/td>\n<\/tr>\n<tr>\n<td align=\"left\" valign=\"top\"><span style=\"color: #000080;\">Diagnostic Termites<\/span><\/td>\n<td align=\"left\" valign=\"top\"><span style=\"color: #000080;\">Bien situ\u00e9 dans une zone \u00e0 risque termite. Obligatoire en Ile de France<br>pour type de bien<\/span><\/td>\n<td align=\"left\" valign=\"top\"><span style=\"color: #000080;\">6 mois&nbsp;<\/span><\/td>\n<\/tr>\n<tr>\n<td align=\"left\" valign=\"top\" bgcolor=\"#d2f0ff\"><span style=\"color: #000080;\">Etat des Risques Naturels et Technologiques (ERNT)<\/span><\/td>\n<td align=\"left\" valign=\"top\" bgcolor=\"#d2f0ff\"><span style=\"color: #000080;\">Dans tous les cas (m\u00eame pour une location)<\/span><\/td>\n<td align=\"left\" valign=\"top\" bgcolor=\"#d2f0ff\"><span style=\"color: #000080;\">6 mois<\/span><\/td>\n<\/tr>\n<tr>\n<td align=\"left\" valign=\"top\"><span style=\"color: #000080;\">Diagnostic de Performance Energ\u00e9tique (DPE)<\/span><\/td>\n<td align=\"left\" valign=\"top\"><span style=\"color: #000080;\">Dans tous les cas (m\u00eame pour une location \u00e0 partir de 2007)<\/span><\/td>\n<td align=\"left\" valign=\"top\"><span style=\"color: #000080;\">10 ans&nbsp;<\/span><\/td>\n<\/tr>\n<tr>\n<td align=\"left\" valign=\"top\" bgcolor=\"#d2f0ff\"><span style=\"color: #000080;\">Diagnostic Gaz<\/span><\/td>\n<td align=\"left\" valign=\"top\" bgcolor=\"#d2f0ff\"><span style=\"color: #000080;\">Tous b\u00e2timents d&#8217;habitation \u00e9quip\u00e9s d&#8217;une installation de gaz int\u00e9rieure<br>de plus de 15 ans<\/span><\/td>\n<td align=\"left\" valign=\"top\" bgcolor=\"#d2f0ff\"><span style=\"color: #000080;\">3 ans<\/span><\/td>\n<\/tr>\n<tr>\n<td align=\"left\" valign=\"top\"><span style=\"color: #000080;\">Diagnostic El\u00e9ctricit\u00e9&nbsp;<\/span><\/td>\n<td align=\"left\" valign=\"top\"><span style=\"color: #000080;\">Tous b\u00e2timents d&#8217;habitation \u00e9quip\u00e9s d&#8217;une installation \u00e9l\u00e9ctrique de<br>plus de 15 ans<\/span><\/td>\n<td align=\"left\" valign=\"top\"><span style=\"color: #000080;\">3 ans<\/span><\/td>\n<\/tr>\n<\/tbody>\n<\/table>\n<\/div>\n\n\n\n<p><a href=\"http:\/\/aeedi.com\/aeedi\/?page_id=461\"><strong>Demande De Devis<\/strong><\/a><\/p>\n","protected":false},"excerpt":{"rendered":"<p>Agence Expert En Diagnostics Immobiliers (AEEDI)&nbsp;&nbsp;&nbsp;&nbsp;&nbsp; Si\u00e8ge social&nbsp;: &nbsp;&nbsp; &nbsp;168 All\u00e9e du Ch\u00eane au Loup&nbsp; &nbsp;&#8211;&nbsp; 60520 LA CHAPELLE EN SERVAL RCS Compi\u00e8gne&nbsp; 508 607 777 000 10&nbsp;&nbsp;&nbsp; S.A.R.L. Au capital de 2000&nbsp; G\u00e9rant, G\u00e9rald&nbsp; AMMOUN &nbsp; &#8211; Contrat Assurance Assurance RCP : GAN ASSURANCES N\u00b0131.201.346 &#8211; \u00c9tudes et formations au CESI de Rouen &#8211; [&hellip;]<\/p>\n","protected":false},"author":2,"featured_media":0,"parent":0,"menu_order":333,"comment_status":"closed","ping_status":"closed","template":"","meta":{"advanced_seo_description":"","jetpack_seo_html_title":"","jetpack_seo_noindex":false,"footnotes":""},"class_list":["post-17","page","type-page","status-publish","hentry"],"jetpack_sharing_enabled":true,"jetpack-related-posts":[],"jetpack_shortlink":"https:\/\/wp.me\/PfCazb-h","_links":{"self":[{"href":"https:\/\/aeedi.com\/aeedi\/wp-json\/wp\/v2\/pages\/17","targetHints":{"allow":["GET"]}}],"collection":[{"href":"https:\/\/aeedi.com\/aeedi\/wp-json\/wp\/v2\/pages"}],"about":[{"href":"https:\/\/aeedi.com\/aeedi\/wp-json\/wp\/v2\/types\/page"}],"author":[{"embeddable":true,"href":"https:\/\/aeedi.com\/aeedi\/wp-json\/wp\/v2\/users\/2"}],"replies":[{"embeddable":true,"href":"https:\/\/aeedi.com\/aeedi\/wp-json\/wp\/v2\/comments?post=17"}],"version-history":[{"count":0,"href":"https:\/\/aeedi.com\/aeedi\/wp-json\/wp\/v2\/pages\/17\/revisions"}],"wp:attachment":[{"href":"https:\/\/aeedi.com\/aeedi\/wp-json\/wp\/v2\/media?parent=17"}],"curies":[{"name":"wp","href":"https:\/\/api.w.org\/{rel}","templated":true}]}}