{"id":74,"date":"2008-11-03T20:24:46","date_gmt":"2008-11-03T18:24:46","guid":{"rendered":"http:\/\/aeedi.com\/aeedi\/?page_id=74"},"modified":"2024-03-15T17:39:05","modified_gmt":"2024-03-15T16:39:05","slug":"diagnostics","status":"publish","type":"page","link":"https:\/\/aeedi.com\/aeedi\/diagnostics\/","title":{"rendered":"Nos Diagnostics"},"content":{"rendered":"<div class=\"wp-block-image\">\n<figure class=\"alignright\"><a href=\"https:\/\/i0.wp.com\/aeedi.com\/aeedi\/wp-content\/uploads\/logo.jpg\"><img data-recalc-dims=\"1\" loading=\"lazy\" decoding=\"async\" width=\"300\" height=\"95\" src=\"https:\/\/i0.wp.com\/aeedi.com\/aeedi\/wp-content\/uploads\/logo.jpg?resize=300%2C95\" alt=\"\" class=\"wp-image-345\" title=\"logo\" srcset=\"https:\/\/i0.wp.com\/aeedi.com\/aeedi\/wp-content\/uploads\/logo.jpg?resize=300%2C95&amp;ssl=1 300w, https:\/\/i0.wp.com\/aeedi.com\/aeedi\/wp-content\/uploads\/logo.jpg?w=1464&amp;ssl=1 1464w\" sizes=\"auto, (max-width: 300px) 100vw, 300px\" \/><\/a><\/figure>\n<\/div>\n\n\n<p><a title=\"Lien Amiante\" href=\"http:\/\/aeedi.com\/aeedi\/?page_id=78\" rel=\"bookmark\">Amiante<\/a><\/p>\n\n\n\n<p><a title=\"Lien \u00c9lectricit\u00e9\" href=\"http:\/\/aeedi.com\/aeedi\/?page_id=80\" rel=\"bookmark\">\u00c9lectricit\u00e9<\/a><\/p>\n\n\n\n<p><a title=\"Lien Etat Parasitaire Et Termites\" href=\"http:\/\/aeedi.com\/aeedi\/?page_id=121\" rel=\"bookmark\">Etat Parasitaire Et Termites<\/a><\/p>\n\n\n\n<p><a title=\"Lien Etats Naturels\" href=\"http:\/\/aeedi.com\/aeedi\/?page_id=117\" rel=\"bookmark\">Etats Naturels<\/a><\/p>\n\n\n\n<p><a title=\"Lien Gaz\" href=\"http:\/\/aeedi.com\/aeedi\/?page_id=119\" rel=\"bookmark\">Gaz<\/a><\/p>\n\n\n\n<p><a title=\"Lien Lois Carrez\" href=\"http:\/\/aeedi.com\/aeedi\/?page_id=123\" rel=\"bookmark\">Lois Carrez<\/a><\/p>\n\n\n\n<p><a title=\"Lien Performance Energ\u00e9tique\" href=\"http:\/\/aeedi.com\/aeedi\/?page_id=125\" rel=\"bookmark\">Performance Energ\u00e9tique<\/a><\/p>\n\n\n\n<p><a title=\"Lien Plomb\" href=\"http:\/\/aeedi.com\/aeedi\/?page_id=92\" rel=\"bookmark\">Plomb<\/a><\/p>\n\n\n\n<p><a href=\"http:\/\/aeedi.com\/aeedi\/?page_id=461\"><strong>Demande De Devis<\/strong><\/a><\/p>\n","protected":false},"excerpt":{"rendered":"<p>Amiante \u00c9lectricit\u00e9 Etat Parasitaire Et Termites Etats Naturels Gaz Lois Carrez Performance Energ\u00e9tique Plomb Demande De Devis<\/p>\n","protected":false},"author":2,"featured_media":0,"parent":0,"menu_order":0,"comment_status":"closed","ping_status":"closed","template":"","meta":{"advanced_seo_description":"","jetpack_seo_html_title":"","jetpack_seo_noindex":false,"footnotes":""},"class_list":["post-74","page","type-page","status-publish","hentry"],"jetpack_sharing_enabled":true,"jetpack-related-posts":[],"jetpack_shortlink":"https:\/\/wp.me\/PfCazb-1c","_links":{"self":[{"href":"https:\/\/aeedi.com\/aeedi\/wp-json\/wp\/v2\/pages\/74","targetHints":{"allow":["GET"]}}],"collection":[{"href":"https:\/\/aeedi.com\/aeedi\/wp-json\/wp\/v2\/pages"}],"about":[{"href":"https:\/\/aeedi.com\/aeedi\/wp-json\/wp\/v2\/types\/page"}],"author":[{"embeddable":true,"href":"https:\/\/aeedi.com\/aeedi\/wp-json\/wp\/v2\/users\/2"}],"replies":[{"embeddable":true,"href":"https:\/\/aeedi.com\/aeedi\/wp-json\/wp\/v2\/comments?post=74"}],"version-history":[{"count":0,"href":"https:\/\/aeedi.com\/aeedi\/wp-json\/wp\/v2\/pages\/74\/revisions"}],"wp:attachment":[{"href":"https:\/\/aeedi.com\/aeedi\/wp-json\/wp\/v2\/media?parent=74"}],"curies":[{"name":"wp","href":"https:\/\/api.w.org\/{rel}","templated":true}]}}