{"id":8,"date":"2008-10-12T17:38:25","date_gmt":"2008-10-12T15:38:25","guid":{"rendered":"http:\/\/aeedi.com\/aeedi\/?page_id=8"},"modified":"2024-03-15T18:25:58","modified_gmt":"2024-03-15T17:25:58","slug":"contactez-nous","status":"publish","type":"page","link":"https:\/\/aeedi.com\/aeedi\/contactez-nous\/","title":{"rendered":"Contactez-Nous"},"content":{"rendered":"<div class=\"wp-block-image\">\n<figure class=\"alignright\"><a href=\"https:\/\/i0.wp.com\/aeedi.com\/aeedi\/wp-content\/uploads\/logo.jpg\"><img data-recalc-dims=\"1\" loading=\"lazy\" decoding=\"async\" width=\"300\" height=\"95\" src=\"https:\/\/i0.wp.com\/aeedi.com\/aeedi\/wp-content\/uploads\/logo.jpg?resize=300%2C95\" alt=\"\" class=\"wp-image-345\" title=\"logo\" srcset=\"https:\/\/i0.wp.com\/aeedi.com\/aeedi\/wp-content\/uploads\/logo.jpg?resize=300%2C95&amp;ssl=1 300w, https:\/\/i0.wp.com\/aeedi.com\/aeedi\/wp-content\/uploads\/logo.jpg?w=1464&amp;ssl=1 1464w\" sizes=\"auto, (max-width: 300px) 100vw, 300px\" \/><\/a><\/figure>\n<\/div>\n\n\n<p><span style=\"color: #000080; font-size: large;\"><strong>AEEDI<\/strong> <\/span><\/p>\n\n\n\n<p class=\"has-text-align-left\"><span style=\"color: #000080;\"><strong><span style=\"font-size: large;\">Agence Expert En Diagnostics Immobiliers<br><span style=\"color: #333399;\">RCS Compi\u00e8gne\u00a0 508607777\u00a0 &#8211; APE: 7120B<\/span><br><\/span><\/strong><\/span><br><span style=\"color: #000080; text-decoration: underline;\"><strong>Si\u00e9ge:<\/strong><\/span><\/p>\n\n\n\n<p><span style=\"color: #000080;\"><strong><span style=\"font-size: large;\">G\u00e9rald AMMOUN<br><\/span><\/strong><\/span><span style=\"color: #000080;\"><strong><span style=\"font-size: large;\">168 All\u00e9e du Ch\u00eane au Loup<br><\/span><\/strong><\/span><span style=\"color: #000080;\"><strong><span style=\"font-size: large;\">60520 La Chapelle-en-Serval<br><\/span><\/strong><\/span><span style=\"color: #000080;\"><strong><span style=\"font-size: large;\">France<\/span><\/strong><\/span><\/p>\n\n\n\n<p><span style=\"color: #000080;\"><strong><span style=\"font-size: large;\"><span style=\"font-family: Lucida Sans Unicode; font-size: large;\">Bureau: 03 44 54 22 23<br><\/span><\/span><\/strong><\/span><span style=\"color: #000080;\"><strong><span style=\"font-family: 'Gill Sans MT'; mso-default-font-family: 'Gill Sans MT'; mso-eudc-font-family: 'Gill Sans MT'; language: sv; mso-ansi-language: sv;\"><span style=\"font-family: Lucida Sans Unicode;\"><span style=\"font-size: large;\"><span lang=\"sv\" style=\"language: sv; mso-ansi-language: sv;\"><span style=\"font-family: Lucida Sans Unicode; font-size: large;\">Portable<\/span><\/span><\/span><\/span><\/span><span style=\"font-family: 'Gill Sans MT'; mso-default-font-family: 'Gill Sans MT'; mso-eudc-font-family: 'Gill Sans MT'; language: sv; mso-ansi-language: sv;\"><span style=\"font-family: Lucida Sans Unicode;\"><span style=\"font-size: large;\"><span lang=\"sv\" style=\"language: sv; mso-ansi-language: sv;\">: 06 07 84 11 72<\/span><\/span><\/span><\/span> <\/strong><\/span><\/p>\n\n\n\n<p><strong><span style=\"color: #333399; font-size: large;\">E-mail: ammoun@aeedi.com, aeedi@free.fr<br><br><\/span><\/strong><a href=\"https:\/\/aeedi.com\/aeedi\/demande-de-devis\/\" target=\"_blank\" rel=\"noreferrer noopener\"><strong>Demande De Devis<\/strong><\/a><\/p>\n\n\n\n<p class=\"has-text-align-center\">&nbsp;<\/p>\n","protected":false},"excerpt":{"rendered":"<p>AEEDI Agence Expert En Diagnostics ImmobiliersRCS Compi\u00e8gne\u00a0 508607777\u00a0 &#8211; APE: 7120BSi\u00e9ge: G\u00e9rald AMMOUN168 All\u00e9e du Ch\u00eane au Loup60520 La Chapelle-en-ServalFrance Bureau: 03 44 54 22 23Portable: 06 07 84 11 72 E-mail: ammoun@aeedi.com, aeedi@free.fr Demande De Devis &nbsp;<\/p>\n","protected":false},"author":2,"featured_media":0,"parent":0,"menu_order":444,"comment_status":"closed","ping_status":"closed","template":"","meta":{"advanced_seo_description":"","jetpack_seo_html_title":"","jetpack_seo_noindex":false,"footnotes":""},"class_list":["post-8","page","type-page","status-publish","hentry"],"jetpack_sharing_enabled":true,"jetpack-related-posts":[],"jetpack_shortlink":"https:\/\/wp.me\/PfCazb-8","_links":{"self":[{"href":"https:\/\/aeedi.com\/aeedi\/wp-json\/wp\/v2\/pages\/8","targetHints":{"allow":["GET"]}}],"collection":[{"href":"https:\/\/aeedi.com\/aeedi\/wp-json\/wp\/v2\/pages"}],"about":[{"href":"https:\/\/aeedi.com\/aeedi\/wp-json\/wp\/v2\/types\/page"}],"author":[{"embeddable":true,"href":"https:\/\/aeedi.com\/aeedi\/wp-json\/wp\/v2\/users\/2"}],"replies":[{"embeddable":true,"href":"https:\/\/aeedi.com\/aeedi\/wp-json\/wp\/v2\/comments?post=8"}],"version-history":[{"count":0,"href":"https:\/\/aeedi.com\/aeedi\/wp-json\/wp\/v2\/pages\/8\/revisions"}],"wp:attachment":[{"href":"https:\/\/aeedi.com\/aeedi\/wp-json\/wp\/v2\/media?parent=8"}],"curies":[{"name":"wp","href":"https:\/\/api.w.org\/{rel}","templated":true}]}}