{"id":80,"date":"2008-11-03T20:27:39","date_gmt":"2008-11-03T18:27:39","guid":{"rendered":"http:\/\/aeedi.com\/aeedi\/?page_id=80"},"modified":"2024-03-15T17:39:48","modified_gmt":"2024-03-15T16:39:48","slug":"electricite","status":"publish","type":"page","link":"https:\/\/aeedi.com\/aeedi\/diagnostics\/electricite\/","title":{"rendered":"\u00c9lectricit\u00e9"},"content":{"rendered":"\n<h3 class=\"wp-block-heading\"><span style=\"color: #888888;\"><em><a href=\"https:\/\/i0.wp.com\/aeedi.com\/aeedi\/wp-content\/uploads\/logo.jpg\"><img data-recalc-dims=\"1\" loading=\"lazy\" decoding=\"async\" class=\"alignright size-medium wp-image-345\" title=\"logo\" src=\"https:\/\/i0.wp.com\/aeedi.com\/aeedi\/wp-content\/uploads\/logo.jpg?resize=300%2C95\" alt=\"\" width=\"300\" height=\"95\" srcset=\"https:\/\/i0.wp.com\/aeedi.com\/aeedi\/wp-content\/uploads\/logo.jpg?resize=300%2C95&amp;ssl=1 300w, https:\/\/i0.wp.com\/aeedi.com\/aeedi\/wp-content\/uploads\/logo.jpg?w=1464&amp;ssl=1 1464w\" sizes=\"auto, (max-width: 300px) 100vw, 300px\" \/><\/a><span style=\"color: #333399;\">Diagnostic Etat De L\u2019Installation Int\u00e9rieure D\u2019Electricit\u00e9<\/span><\/em><span style=\"color: #333399;\">&nbsp; <\/span><\/span><\/h3>\n\n\n<div class=\"wp-block-image\">\n<figure class=\"alignleft\"><a href=\"https:\/\/i0.wp.com\/aeedi.com\/aeedi\/wp-content\/uploads\/tab-circuit.jpg\"><img data-recalc-dims=\"1\" loading=\"lazy\" decoding=\"async\" width=\"500\" height=\"303\" src=\"https:\/\/i0.wp.com\/aeedi.com\/aeedi\/wp-content\/uploads\/tab-circuit.jpg?resize=500%2C303\" alt=\"\" class=\"wp-image-488\" title=\"tab-circuit\" srcset=\"https:\/\/i0.wp.com\/aeedi.com\/aeedi\/wp-content\/uploads\/tab-circuit.jpg?w=500&amp;ssl=1 500w, https:\/\/i0.wp.com\/aeedi.com\/aeedi\/wp-content\/uploads\/tab-circuit.jpg?resize=300%2C181&amp;ssl=1 300w\" sizes=\"auto, (max-width: 500px) 100vw, 500px\" \/><\/a><\/figure>\n<\/div>\n\n\n<p><span style=\"color: #333399;\"><em><span style=\"text-decoration: underline;\"><strong>Notre Objectif<\/strong><\/span><\/em><br>Diagnostic Technique Des Installations Electriques Et un de plus&nbsp;!<br>Les Dossiers De Diagnostic Technique \u00e9taient d\u00e9j\u00e0 relativement \u00e9pais\u2026<br>Le diagnostic technique des installations \u00e9lectriques viendra s\u2019y ajouter \u00e0 partir du 1er janvier 2009. Les propri\u00e9taires auront l\u2019obligation de fournir un \u00e9tat relatif \u00e0 l\u2019installation int\u00e9rieure d\u2019\u00e9lectricit\u00e9, lorsque celle-ci a plus de 15 ans, en cas de vente d\u2019un logement. Le d\u00e9cret du 22 avril 2008, paru au Journal Officiel du 24 avril, est venu pr\u00e9ciser le contenu de ce nouveau diagnostic.<br><span style=\"color: #333399;\"><\/span><br><\/span><\/p>\n\n\n\n<p>&nbsp;<\/p>\n\n\n\n<p>&nbsp;<\/p>\n\n\n\n<p>&nbsp;<\/p>\n\n\n\n<p>&nbsp;<\/p>\n\n\n\n<p>&nbsp;<\/p>\n\n\n\n<p>&nbsp;<\/p>\n\n\n\n<p>&nbsp;<\/p>\n\n\n\n<p><span style=\"color: #333399;\"><span style=\"color: #333399;\">Obligatoirement joint \u00e0 l\u2019acte authentique de vente. L\u2019\u00e9tat de l\u2019installation int\u00e9rieure d\u2019\u00e9lectricit\u00e9 doit \u00eatre produit par le vendeur \u00e0 l\u2019acqu\u00e9reur, lorsque l\u2019installation \u00e9lectrique a \u00e9t\u00e9 r\u00e9alis\u00e9e depuis plus de 15 ans, et portera sur l\u2019ensemble de <\/span><span style=\"color: #333399;\">l\u2019installation \u00e9lectrique privative des locaux \u00e0 usage d\u2019habitation et de leurs d\u00e9pendances. Il devra dater depuis moins de 3 ans et \u00eatre joint au dossier de diagnostic technique, annex\u00e9 \u00e0 la promesse de vente ou \u00e0 l\u2019acte authentique de vente. En l\u2019absence, lors de la signature de l\u2019acte authentique, de l\u2019\u00e9tat relatif aux installations d\u2019\u00e9lectricit\u00e9, le vendeur ne pourra s\u2019exon\u00e9rer de la garantie des vices cach\u00e9s correspondante. <\/span><\/span><\/p>\n\n\n\n<p><span style=\"color: #333399;\">Deux documents peuvent tenir lieu d\u2019\u00e9tat de l\u2019installation int\u00e9rieure d\u2019\u00e9lectricit\u00e9, d\u00e8s lors qu\u2019ils ont \u00e9t\u00e9 \u00e9tablis depuis moins de 3 ans&nbsp;: le certificat de conformit\u00e9 aux r\u00e8gles techniques et de s\u00e9curit\u00e9 effectu\u00e9 par un organisme agr\u00e9\u00e9, et le diagnostic r\u00e9alis\u00e9 avant le 1er novembre 2007 dans le cadre d\u2019op\u00e9rations organis\u00e9es par les distributeurs d\u2019\u00e9lectricit\u00e9.<br>Les installations domestiques d&#8217;\u00e9lectricit\u00e9 rec\u00e8lent des dangers pour la s\u00e9curit\u00e9 des personnes&nbsp;: chaque ann\u00e9e, on d\u00e9plore 250&nbsp;000 incendies, dont un tiers d&#8217;origine \u00e9lectrique, et 4&nbsp;000 victimes dont 100 d\u00e9c\u00e8s. On estime que 20 millions de nos concitoyens sont en danger potentiel.<br>Le Code de la Construction et de l&#8217;Habitation impose aux vendeurs la r\u00e9alisation d&#8217;un \u00e9tat de l&#8217;installation int\u00e9rieure d&#8217;\u00e9lectricit\u00e9 dans les logements comportant une installation \u00e9lectrique datant de plus de 15 ans. Un D\u00e9cret \u00e0 venir pr\u00e9cisera la date d&#8217;entr\u00e9e en vigueur de ce diagnostic (a priori le 1er janvier 2009).<\/span><\/p>\n\n\n\n<div style=\"text-align: justify;\"><br><span style=\"color: #333399;\"><em><span style=\"text-decoration: underline;\"><strong>Notre&nbsp; Mission<\/strong><\/span><\/em><br>Le diagnostic <strong><span style=\"text-decoration: underline;\">AEEDI<\/span><\/strong> a pour objet d&#8217;identifier, par des contr\u00f4les visuels, des essais et des mesures, les d\u00e9fauts susceptibles de compromettre la s\u00e9curit\u00e9 des personnes. Les exigences techniques faisant l&#8217;objet du diagnostic proc\u00e8dent de la pr\u00e9vention des risques li\u00e9s \u00e0 l&#8217;\u00e9tat de l&#8217;installation \u00e9lectrique et \u00e0 son utilisation (\u00e9lectrisation, \u00e9lectrocution, incendie). Ce diagnostic ne constitue pas un contr\u00f4le de conformit\u00e9 de l&#8217;installation vis-\u00e0-vis d&#8217;une quelconque r\u00e9glementation en vigueur, il a un r\u00f4le informatif.<br>Ainsi en cas de constat de danger sur l&#8217;installation, il est de la responsabilit\u00e9 du donneur d&#8217;ordre d&#8217;en tirer les cons\u00e9quences, les diagnostiqueurs n&#8217;\u00e9tant pas habilit\u00e9s \u00e0 intervenir sur l&#8217;installation ou son alimentation.<\/span><\/div>\n\n\n<div class=\"wp-block-image\">\n<figure class=\"alignright\"><img data-recalc-dims=\"1\" loading=\"lazy\" decoding=\"async\" width=\"300\" height=\"187\" src=\"https:\/\/i0.wp.com\/aeedi.com\/aeedi\/wp-content\/uploads\/apl-elc1-300x187.jpg?resize=300%2C187\" alt=\"\" class=\"wp-image-370\" title=\"apl-elc1\" srcset=\"https:\/\/i0.wp.com\/aeedi.com\/aeedi\/wp-content\/uploads\/apl-elc1.jpg?resize=300%2C187&amp;ssl=1 300w, https:\/\/i0.wp.com\/aeedi.com\/aeedi\/wp-content\/uploads\/apl-elc1.jpg?w=672&amp;ssl=1 672w\" sizes=\"auto, (max-width: 300px) 100vw, 300px\" \/><\/figure>\n<\/div>\n\n\n<div><br><strong><span style=\"text-decoration: underline;\"><span style=\"color: #333399;\">M\u00e9thode : <\/span><a href=\"http:\/\/aeedi.com\/aeedi\/wp-content\/uploads\/apl-elc1.jpg\"><span style=\"color: #333399;\"><\/span><\/a><br><\/span><\/strong><span style=\"color: #333399;\">1. Liste des points &#8211; Examen visuel \u2013 Essai &#8211; Mesurage.<br>2. Identification des Anomalies : (1) R\u00e9f\u00e9rence des anomalies selon <strong><span style=\"text-decoration: underline;\">la norme XP C 16-600<\/span><\/strong>.<br>3. Objectif des dispositions et description des risques encourus en fonction des anomalies identifi\u00e9es&nbsp;Par exemple = B1 : Appareil g\u00e9n\u00e9ral de commande et de protection : Appareil inadapt\u00e9 ne permet pas d&#8217;assurer cette fonction de coupure en cas de danger, d&#8217;incendie, ou d&#8217;intervention sur l&#8217;installation \u00e9lectrique.<br>4. Synth\u00e8se de l&#8217;\u00e9tat de l&#8217;installation int\u00e9rieure d&#8217;\u00e9lectricit\u00e9.<br>\u2022 L&#8217;installation int\u00e9rieure d&#8217;\u00e9lectricit\u00e9 ne comporte aucune anomalie.<br>\u2022 L&#8217;installation int\u00e9rieure d&#8217;\u00e9lectricit\u00e9 comporte une ou des anomalies qui devront faire l&#8217;objet d&#8217;un traitement.<\/span><\/div>\n\n\n\n<p>&nbsp;Le Diagnostiqueur <strong><span style=\"text-decoration: underline;\">AEEDI<\/span> <\/strong>v\u00e9rifie \u00e0 partir d\u2019un mod\u00e8le type r\u00e9glement\u00e9, l\u2019\u00e9tat de l\u2019installation int\u00e9rieure d\u2019\u00e9lectricit\u00e9 v\u00e9rifie l\u2019existence et les caract\u00e9ristiques&nbsp;:<\/p>\n\n\n\n<p><span style=\"color: #333399;\">\u2022D\u2019un appareil g\u00e9n\u00e9ral de commande et de protection, et de son accessibilit\u00e9.<br>\u2022D\u2019au moins un dispositif diff\u00e9rentiel de sensibilit\u00e9 appropri\u00e9e aux conditions de mise \u00e0 la terre, \u00e0 l\u2019origine de l\u2019installation \u00e9lectrique.<br>\u2022D\u2019un dispositif de protection contre les surintensit\u00e9s adapt\u00e9 \u00e0 la section des conducteurs, sur chaque circuit.<br>\u2022D\u2019une liaison \u00e9quipotentielle et d\u2019une installation \u00e9lectrique adapt\u00e9es aux conditions particuli\u00e8res des locaux contenant une baignoire ou une&nbsp; douche.<\/span><\/p>\n\n\n<div class=\"wp-block-image\">\n<figure class=\"alignleft\"><img data-recalc-dims=\"1\" loading=\"lazy\" decoding=\"async\" width=\"300\" height=\"150\" src=\"https:\/\/i0.wp.com\/aeedi.com\/aeedi\/wp-content\/uploads\/tab-elec1-300x150.jpg?resize=300%2C150\" alt=\"\" class=\"wp-image-369\" title=\"tab-elec1\" srcset=\"https:\/\/i0.wp.com\/aeedi.com\/aeedi\/wp-content\/uploads\/tab-elec1.jpg?resize=300%2C150&amp;ssl=1 300w, https:\/\/i0.wp.com\/aeedi.com\/aeedi\/wp-content\/uploads\/tab-elec1.jpg?w=420&amp;ssl=1 420w\" sizes=\"auto, (max-width: 300px) 100vw, 300px\" \/><\/figure>\n<\/div>\n\n\n<p><a href=\"http:\/\/aeedi.com\/aeedi\/wp-content\/uploads\/tab-elec1.jpg\"><span style=\"color: #333399;\"><\/span><\/a><span style=\"color: #333399;\">Le Diagnostiqueur <span style=\"text-decoration: underline;\"><strong>AEED<\/strong>I<\/span> Identifie&nbsp;les mat\u00e9riels \u00e9lectriques v\u00e9tustes, inadapt\u00e9s \u00e0 l\u2019usage ou pr\u00e9sentant des risques de contacts directs avec des \u00e9l\u00e9ments sous tension, ainsi que les conducteurs non prot\u00e9g\u00e9s m\u00e9caniquement. <\/span><\/p>\n\n\n\n<p><span style=\"color: #333399;\"><span style=\"text-decoration: underline;\">\u00c9tabli par un professionnel<\/span><br>L\u2019\u00e9tat de l\u2019installation int\u00e9rieure d\u2019\u00e9lectricit\u00e9 doit \u00eatre \u00e9tabli par un professionnel satisfaisant \u00e0 des crit\u00e8res de comp\u00e9tence et ayant souscrit une assurance couvrant pour son intervention les cons\u00e9quences d\u2019un engagement de sa responsabilit\u00e9 civile professionnelle. Depuis le 1er novembre 2007, toute personne qui effectue un diagnostic doit \u00eatre certifi\u00e9e par un organisme accr\u00e9dit\u00e9 par <strong><span style=\"text-decoration: underline;\">le COFRAC<\/span><\/strong>, Comit\u00e9 fran\u00e7ais d\u2019accr\u00e9ditation. Cette certification lui sera d\u00e9livr\u00e9e pour 5 ans. <\/span><\/p>\n\n\n\n<p><span style=\"color: #333399;\">Les professionnels du diagnostic ne doivent avoir aucun lien de nature \u00e0 porter atteinte \u00e0 leur impartialit\u00e9 et \u00e0 leur ind\u00e9pendance, ni avec le propri\u00e9taire ou son mandataire (notamment agent immobilier ou notaire), ni avec toute entreprise pouvant r\u00e9aliser des travaux sur les ouvrages, installations ou \u00e9quipements pour lesquels il leur est demand\u00e9 l\u2019un ou l\u2019autre des diagnostics. <\/span><\/p>\n\n\n\n<p><span style=\"color: #333399;\">Les diagnostiqueurs doivent remettre \u00e0 leur client un document attestant qu\u2019ils sont en r\u00e8gle au regard de ces obligations. Des sanctions p\u00e9nales sont pr\u00e9vues (amende de 1 500 \u20ac port\u00e9e \u00e0 3 000 \u20ac en cas de r\u00e9cidive) tant pour la personne qui \u00e9tablit un diagnostic ou constat sans respecter les r\u00e8gles de comp\u00e9tences, d\u2019organisation et d\u2019assurance ou les conditions d\u2019impartialit\u00e9 et d\u2019ind\u00e9pendance, que pour le vendeur qui, en vue d\u2019\u00e9tablir un diagnostic fait appel \u00e0 une personne qui ne remplit pas les conditions requises.<\/span><\/p>\n\n\n<div class=\"wp-block-image\">\n<figure class=\"alignright\"><img data-recalc-dims=\"1\" loading=\"lazy\" decoding=\"async\" width=\"238\" height=\"125\" src=\"https:\/\/i0.wp.com\/aeedi.com\/aeedi\/wp-content\/uploads\/lampe.jpg?resize=238%2C125\" alt=\"\" class=\"wp-image-424\" title=\"lampe\"\/><\/figure>\n<\/div>\n\n\n<p><span style=\"color: #333399;\">L&#8217;intervention du diagnostiqueur <span style=\"text-decoration: underline;\"><strong>AEEDI<\/strong><\/span> ne porte que sur les constituants visibles, visitables de l&#8217;installation au moment du diagnostic. Elle s&#8217;effectue sans d\u00e9placement de meubles, ni d\u00e9montage de l&#8217;installation \u00e9lectrique (sauf le capot du tableau \u00e9lectrique), ni destruction des isolants des c\u00e2bles.<br>Pr\u00e9alablement \u00e0 la r\u00e9alisation du diagnostic, le donneur d&#8217;ordre ou son repr\u00e9sentant signale au diagnostiqueur <strong><span style=\"text-decoration: underline;\">AEEDI<\/span> <\/strong>les parties de l&#8217;installation qui ne doivent pas \u00eatre mises hors tension et les motifs de cette impossibilit\u00e9 (mat\u00e9riel de surveillance m\u00e9dicale, alarmes, etc.). Pendant toute la dur\u00e9e du diagnostic, le donneur d&#8217;ordre ou son repr\u00e9sentant&nbsp;:<br>\u2022 Fait en sorte que tous les locaux et leurs d\u00e9pendances soient accessibles.<br>\u2022S&#8217;assure que l&#8217;installation est aliment\u00e9e en \u00e9lectricit\u00e9, si celle-ci n&#8217;a pas fait l&#8217;objet d&#8217;une interruption de fourniture par le distributeur.<\/span><a href=\"http:\/\/aeedi.com\/aeedi\/wp-content\/uploads\/lampe.jpg\"><span style=\"color: #333399;\"><\/span><\/a><br><span style=\"color: #333399;\">\u2022Fait en sorte que les parties communes o\u00f9 sont situ\u00e9es des parties d&#8217;installation vis\u00e9es par le diagnostic soient accessibles.<br><\/span><\/p>\n\n\n\n<p><span style=\"color: #333399;\"><span style=\"text-decoration: underline;\"><em><strong>L\u2019Etat De L\u2019Installation Int\u00e9rieure D\u2019Electricit\u00e9<\/strong><\/em><\/span><br>Il est d\u00e9finit par les<strong><span style=\"text-decoration: underline;\"> articles R. 134-10 \u00e0 R. 134-13 du CCH<\/span><\/strong><br>Entr\u00e9e en vigueur : Les articles R. 134-10 \u00e0 R. 134-13 du code de la construction et de l&#8217;habitation entrent en vigueur le 1er juillet 2008.<br>Concerne : en cas de vente de tout ou partie d&#8217;un b\u00e2timent \u00e0 usage d&#8217;habitation, l&#8217;\u00e9tat de l&#8217;installation int\u00e9rieure d&#8217;\u00e9lectricit\u00e9 lorsque celle ci date de plus de quinze ans.<br>Validit\u00e9 : La dur\u00e9e de validit\u00e9 du pr\u00e9sent \u00e9tat sera fix\u00e9e par d\u00e9cret simple modifiant le Code de la construction et de l&#8217;habitation, elle sera port\u00e9e \u00e0 3 ans en coh\u00e9rence avec l&#8217;\u00e9tat de l&#8217;installation int\u00e9rieure de gaz.<br>Norme :<span style=\"text-decoration: underline;\"><strong> L&#8217;application de la norme XP C 16-600<\/strong><\/span> est pr\u00e9sum\u00e9e satisfaire aux exigences m\u00e9thodologiques sous-mentionn\u00e9es.<br>Il est r\u00e9alis\u00e9 sur l&#8217;ensemble de l&#8217;installation \u00e9lectrique privative des locaux \u00e0 usage d&#8217;habitation et leurs d\u00e9pendances, situ\u00e9e en aval de l&#8217;appareil g\u00e9n\u00e9ral de commande et de protection de cette installation et jusqu&#8217;aux bornes d&#8217;alimentation des mat\u00e9riels d&#8217;utilisation ou des \u00e9quipements aliment\u00e9s par des canalisations fixes, ou jusqu&#8217;aux socles de prises de courant. Cependant les mat\u00e9riels fixes de l&#8217;installation font l&#8217;objet de l&#8217;\u00e9tat de l&#8217;installation pour leur choix et leur mise en \u0153uvre. <\/span><\/p>\n\n\n<div class=\"wp-block-image\">\n<figure class=\"alignright\"><img data-recalc-dims=\"1\" loading=\"lazy\" decoding=\"async\" width=\"300\" height=\"187\" src=\"https:\/\/i0.wp.com\/aeedi.com\/aeedi\/wp-content\/uploads\/apl-elc1-300x187.jpg?resize=300%2C187\" alt=\"\" class=\"wp-image-370\" title=\"apl-elc1\" srcset=\"https:\/\/i0.wp.com\/aeedi.com\/aeedi\/wp-content\/uploads\/apl-elc1.jpg?resize=300%2C187&amp;ssl=1 300w, https:\/\/i0.wp.com\/aeedi.com\/aeedi\/wp-content\/uploads\/apl-elc1.jpg?w=672&amp;ssl=1 672w\" sizes=\"auto, (max-width: 300px) 100vw, 300px\" \/><\/figure>\n<\/div>\n\n\n<div style=\"text-align: justify;\"><br><span style=\"color: #333399;\"><em><span style=\"text-decoration: underline;\"><strong>L&#8217;Etat de l&#8217;Installation Int\u00e9rieure d&#8217;Electricit\u00e9&nbsp;:<br><\/strong><\/span><\/em>\u2022Signale et localise les anomalies relev\u00e9es, apporte des explications sur leur nature et alerte sur les risques encourus en cas d&#8217;utilisation de l&#8217;installation (\u00e9lectrisation, \u00e9lectrocution, incendie).<br>\u2022Conseille de faire r\u00e9aliser, dans les meilleurs d\u00e9lais et par un installateur \u00e9lectricien qualifi\u00e9, les travaux permettant de lever au moins les anomalies relev\u00e9es.<br>\u2022Rappelle en fonction de la nature de l&#8217;installation contr\u00f4l\u00e9e les r\u00e8gles \u00e9l\u00e9mentaires de s\u00e9curit\u00e9 et d&#8217;usage \u00e0 respecter.<br>\u2022L&#8217;\u00e9tat de l&#8217;installation int\u00e9rieure d&#8217;\u00e9lectricit\u00e9 doit \u00eatre annex\u00e9 \u00e0 la promesse de vente ou, \u00e0 d\u00e9faut, \u00e0 l&#8217;acte authentique de vente.<br>\u2022L&#8217;\u00e9tat de l&#8217;installation int\u00e9rieure d&#8217;\u00e9lectricit\u00e9 a une dur\u00e9e de validit\u00e9 qui sera pr\u00e9cis\u00e9e par un D\u00e9cret \u00e0 venir (a priori trois ans).<\/span><a href=\"http:\/\/aeedi.com\/aeedi\/wp-content\/uploads\/apl-elc1.jpg\"><span style=\"color: #333399;\"><\/span><\/a><\/div>\n\n\n\n<p><strong><span style=\"color: #333399;\"><em><span style=\"text-decoration: underline;\">Quelques Recommandations<\/span><\/em><br><\/span><\/strong><span style=\"color: #333399;\"><span style=\"text-decoration: underline;\"><strong>Ce qu&#8217;il faut faire<\/strong>&nbsp;:<br><\/span>&nbsp;&nbsp; Faire changer imm\u00e9diatement tout appareillage ou mat\u00e9riel \u00e9lectrique endommag\u00e9 (prise de courant, interrupteur, fil d\u00e9nud\u00e9, etc.).<br>&nbsp;&nbsp; Apprendre aux enfants les principales r\u00e8gles de s\u00e9curit\u00e9 \u00e9lectrique et les dangers li\u00e9s \u00e0 une mauvaise utilisation de l&#8217;\u00e9lectricit\u00e9.<br>&nbsp;&nbsp; Pour la s\u00e9curit\u00e9 des enfants, penser \u00e0 faire remplacer les prises de courant par des prises de courant \u00e0 \u00e9clipse de s\u00e9curit\u00e9 (dont les trous sont ferm\u00e9s et ne s&#8217;ouvrent que sous la pouss\u00e9e simultan\u00e9e des deux broches d&#8217;une fiche).<br>Ce qu&#8217;il ne faut pas faire&nbsp;:<br>\u2022 Ne jamais utiliser un appareil \u00e9lectrique avec les mains mouill\u00e9es ou les pieds dans l&#8217;eau et surtout pas lorsque l&#8217;on est dans son bain ou sous sa douche.<br>\u2022 Ne jamais d\u00e9brancher un appareil d&#8217;une prise \u00e9lectrique en tirant sur le fil.<br>\u2022Ne jamais intervenir sur une installation \u00e9lectrique sans avoir d&#8217;abord coup\u00e9 le courant au disjoncteur g\u00e9n\u00e9ral (m\u00eame pour changer une ampoule).<\/span><\/p>\n\n\n<div class=\"wp-block-image\">\n<figure class=\"alignleft\"><a href=\"https:\/\/i0.wp.com\/aeedi.com\/aeedi\/wp-content\/uploads\/tab-circuit.jpg\"><img data-recalc-dims=\"1\" loading=\"lazy\" decoding=\"async\" width=\"500\" height=\"303\" src=\"https:\/\/i0.wp.com\/aeedi.com\/aeedi\/wp-content\/uploads\/tab-circuit.jpg?resize=500%2C303\" alt=\"\" class=\"wp-image-488\" title=\"tab-circuit\" srcset=\"https:\/\/i0.wp.com\/aeedi.com\/aeedi\/wp-content\/uploads\/tab-circuit.jpg?w=500&amp;ssl=1 500w, https:\/\/i0.wp.com\/aeedi.com\/aeedi\/wp-content\/uploads\/tab-circuit.jpg?resize=300%2C181&amp;ssl=1 300w\" sizes=\"auto, (max-width: 500px) 100vw, 500px\" \/><\/a><\/figure>\n<\/div>\n\n\n<p><span style=\"color: #333399;\"><\/span><br><span style=\"color: #333399;\"><strong><em><span style=\"text-decoration: underline;\">Particularit\u00e9s Du Diagnostic Electrique<\/span><\/em><\/strong><br>Tout propri\u00e9taire d&#8217;un bien immobilier \u00e9quip\u00e9 d&#8217;une installation int\u00e9rieure D\u2019\u00e9lectricit\u00e9 datant de plus de 15 ans&nbsp;doit faire effectuer ce diagnostic immobilier.<br>Dans le cas d&#8217;une copropri\u00e9t\u00e9, seules les parties privatives sont concern\u00e9es.<br>Tout&nbsp;dossier de diagnostic technique annex\u00e9 \u00e0 la promesse de vente d\u2019un logement ou \u00e0 l\u2019acte de vente devra comprendre l\u2019\u00e9tat de l\u2019installation int\u00e9rieure d\u2019\u00e9lectricit\u00e9 si celle-ci a \u00e9t\u00e9 r\u00e9alis\u00e9e depuis plus de quinze ans. Cet \u00e9tat devra imp\u00e9rativement avoir \u00e9t\u00e9 \u00e9tabli par un op\u00e9rateur certifi\u00e9.<\/span><\/p>\n\n\n<div class=\"wp-block-image\">\n<figure class=\"alignright\"><img data-recalc-dims=\"1\" loading=\"lazy\" decoding=\"async\" width=\"238\" height=\"125\" src=\"https:\/\/i0.wp.com\/aeedi.com\/aeedi\/wp-content\/uploads\/lampe.jpg?resize=238%2C125\" alt=\"\" class=\"wp-image-424\" title=\"lampe\"\/><\/figure>\n<\/div>\n\n\n<p><strong><em><span style=\"text-decoration: underline;\"><a href=\"http:\/\/aeedi.com\/aeedi\/wp-content\/uploads\/lampe.jpg\"><span style=\"color: #333399;\"><\/span><\/a><span style=\"color: #333399;\">Les Anomalies Constat\u00e9es Concernent :<\/span><\/span><\/em><\/strong><span style=\"color: #333399;\"><br>\u2022 L&#8217;appareil g\u00e9n\u00e9ral de commande et de protection et son accessibilit\u00e9<br>\u2022 La protection diff\u00e9rentielle \u00e0 l&#8217;origine de l&#8217;installation \u00e9lectrique et sa sensibilit\u00e9 appropri\u00e9e aux conditions de mise \u00e0 la terre.<br>\u2022 La protection contre les surintensit\u00e9s adapt\u00e9es \u00e0 la section des conducteurs, sur chaque circuit.<br>\u2022 L&#8217;ad\u00e9quation de la liaison \u00e9quipotentielle et de l&#8217;installation \u00e9lectrique aux conditions particuli\u00e8res des locaux contenant une baignoire ou une douche.<br>\u2022 Des mat\u00e9riels \u00e9lectriques v\u00e9tustes, inadapt\u00e9s \u00e0 l&#8217;usage ou pr\u00e9sentant des risques de contact direct avec des \u00e9l\u00e9ments sous tension.<br>\u2022 Des conducteurs non prot\u00e9g\u00e9s m\u00e9caniquement.<br>L&#8217;installation int\u00e9rieure d&#8217;\u00e9lectricit\u00e9 n&#8217;\u00e9tait pas aliment\u00e9e lors du diagnostic. Les v\u00e9rifications de fonctionnement des dispositifs de protection \u00e0 courant diff\u00e9rentiel r\u00e9siduel n&#8217;ont pu \u00eatre effectu\u00e9es.<\/span><\/p>\n\n\n\n<p class=\"has-text-align-right\"><a href=\"http:\/\/aeedi.com\/aeedi\/?page_id=461\"><strong>Demande De Devis<\/strong><\/a><\/p>\n","protected":false},"excerpt":{"rendered":"<p>Diagnostic Etat De L\u2019Installation Int\u00e9rieure D\u2019Electricit\u00e9&nbsp; Notre ObjectifDiagnostic Technique Des Installations Electriques Et un de plus&nbsp;!Les Dossiers De Diagnostic Technique \u00e9taient d\u00e9j\u00e0 relativement \u00e9pais\u2026Le diagnostic technique des installations \u00e9lectriques viendra s\u2019y ajouter \u00e0 partir du 1er janvier 2009. Les propri\u00e9taires auront l\u2019obligation de fournir un \u00e9tat relatif \u00e0 l\u2019installation int\u00e9rieure d\u2019\u00e9lectricit\u00e9, lorsque celle-ci a plus [&hellip;]<\/p>\n","protected":false},"author":2,"featured_media":0,"parent":74,"menu_order":2,"comment_status":"closed","ping_status":"closed","template":"","meta":{"advanced_seo_description":"","jetpack_seo_html_title":"","jetpack_seo_noindex":false,"footnotes":""},"class_list":["post-80","page","type-page","status-publish","hentry"],"jetpack_sharing_enabled":true,"jetpack-related-posts":[],"jetpack_shortlink":"https:\/\/wp.me\/PfCazb-1i","_links":{"self":[{"href":"https:\/\/aeedi.com\/aeedi\/wp-json\/wp\/v2\/pages\/80","targetHints":{"allow":["GET"]}}],"collection":[{"href":"https:\/\/aeedi.com\/aeedi\/wp-json\/wp\/v2\/pages"}],"about":[{"href":"https:\/\/aeedi.com\/aeedi\/wp-json\/wp\/v2\/types\/page"}],"author":[{"embeddable":true,"href":"https:\/\/aeedi.com\/aeedi\/wp-json\/wp\/v2\/users\/2"}],"replies":[{"embeddable":true,"href":"https:\/\/aeedi.com\/aeedi\/wp-json\/wp\/v2\/comments?post=80"}],"version-history":[{"count":0,"href":"https:\/\/aeedi.com\/aeedi\/wp-json\/wp\/v2\/pages\/80\/revisions"}],"up":[{"embeddable":true,"href":"https:\/\/aeedi.com\/aeedi\/wp-json\/wp\/v2\/pages\/74"}],"wp:attachment":[{"href":"https:\/\/aeedi.com\/aeedi\/wp-json\/wp\/v2\/media?parent=80"}],"curies":[{"name":"wp","href":"https:\/\/api.w.org\/{rel}","templated":true}]}}