{"id":82,"date":"2008-11-03T20:28:28","date_gmt":"2008-11-03T18:28:28","guid":{"rendered":"http:\/\/aeedi.com\/aeedi\/?page_id=82"},"modified":"2024-03-15T17:47:29","modified_gmt":"2024-03-15T16:47:29","slug":"la-reglementation","status":"publish","type":"page","link":"https:\/\/aeedi.com\/aeedi\/la-reglementation\/","title":{"rendered":"La R\u00e9glementation"},"content":{"rendered":"<div class=\"wp-block-image\">\n<figure class=\"alignright\"><a href=\"https:\/\/i0.wp.com\/aeedi.com\/aeedi\/wp-content\/uploads\/logo.jpg\"><img data-recalc-dims=\"1\" loading=\"lazy\" decoding=\"async\" width=\"300\" height=\"95\" src=\"https:\/\/i0.wp.com\/aeedi.com\/aeedi\/wp-content\/uploads\/logo.jpg?resize=300%2C95\" alt=\"\" class=\"wp-image-345\" title=\"logo\" srcset=\"https:\/\/i0.wp.com\/aeedi.com\/aeedi\/wp-content\/uploads\/logo.jpg?resize=300%2C95&amp;ssl=1 300w, https:\/\/i0.wp.com\/aeedi.com\/aeedi\/wp-content\/uploads\/logo.jpg?w=1464&amp;ssl=1 1464w\" sizes=\"auto, (max-width: 300px) 100vw, 300px\" \/><\/a><\/figure>\n<\/div>\n\n\n<p><a title=\"Lien Amiante\" href=\"http:\/\/aeedi.com\/aeedi\/?page_id=90\" rel=\"bookmark\">Amiante<\/a><\/p>\n\n\n\n<p><a title=\"Lien \u00c9lectricit\u00e9\" href=\"http:\/\/aeedi.com\/aeedi\/?page_id=84\" rel=\"bookmark\">\u00c9lectricit\u00e9<\/a><\/p>\n\n\n\n<p><a title=\"Lien Etat Parasitaire ET Termites\" href=\"http:\/\/aeedi.com\/aeedi\/?page_id=94\" rel=\"bookmark\">Etat Parasitaire ET Termites<\/a><\/p>\n\n\n\n<p><a title=\"Lien Etats Naturels\" href=\"http:\/\/aeedi.com\/aeedi\/?page_id=86\" rel=\"bookmark\">Etats Naturels<\/a><\/p>\n\n\n\n<p><a title=\"Lien Gaz\" href=\"http:\/\/aeedi.com\/aeedi\/?page_id=88\" rel=\"bookmark\">Gaz<\/a><\/p>\n\n\n\n<p><a title=\"Lien Lois Carrez\" href=\"http:\/\/aeedi.com\/aeedi\/?page_id=96\" rel=\"bookmark\">Lois Carrez<\/a><\/p>\n\n\n\n<p><a title=\"Lien Performance \u00c9nerg\u00e9tique\" href=\"http:\/\/aeedi.com\/aeedi\/?page_id=98\" rel=\"bookmark\">Performance \u00c9nerg\u00e9tique<\/a><\/p>\n\n\n\n<p><a title=\"Lien Plomb\" href=\"http:\/\/aeedi.com\/aeedi\/?page_id=100\" rel=\"bookmark\">Plomb<\/a><\/p>\n\n\n\n<p><span style=\"font-size: 11pt; color: black; font-family: 'Arial','sans-serif'; mso-ansi-language: FR; mso-fareast-font-family: 'Times New Roman'; mso-fareast-language: FR; mso-bidi-language: AR-SA;\"><span style=\"text-decoration: underline;\">Pr\u00eat \u00e0 taux z\u00e9ro (PTZ)<\/span><\/span><\/p>\n","protected":false},"excerpt":{"rendered":"<p>Amiante \u00c9lectricit\u00e9 Etat Parasitaire ET Termites Etats Naturels Gaz Lois Carrez Performance \u00c9nerg\u00e9tique Plomb Pr\u00eat \u00e0 taux z\u00e9ro (PTZ)<\/p>\n","protected":false},"author":2,"featured_media":0,"parent":0,"menu_order":10,"comment_status":"closed","ping_status":"closed","template":"","meta":{"advanced_seo_description":"","jetpack_seo_html_title":"","jetpack_seo_noindex":false,"footnotes":""},"class_list":["post-82","page","type-page","status-publish","hentry"],"jetpack_sharing_enabled":true,"jetpack-related-posts":[],"jetpack_shortlink":"https:\/\/wp.me\/PfCazb-1k","_links":{"self":[{"href":"https:\/\/aeedi.com\/aeedi\/wp-json\/wp\/v2\/pages\/82","targetHints":{"allow":["GET"]}}],"collection":[{"href":"https:\/\/aeedi.com\/aeedi\/wp-json\/wp\/v2\/pages"}],"about":[{"href":"https:\/\/aeedi.com\/aeedi\/wp-json\/wp\/v2\/types\/page"}],"author":[{"embeddable":true,"href":"https:\/\/aeedi.com\/aeedi\/wp-json\/wp\/v2\/users\/2"}],"replies":[{"embeddable":true,"href":"https:\/\/aeedi.com\/aeedi\/wp-json\/wp\/v2\/comments?post=82"}],"version-history":[{"count":0,"href":"https:\/\/aeedi.com\/aeedi\/wp-json\/wp\/v2\/pages\/82\/revisions"}],"wp:attachment":[{"href":"https:\/\/aeedi.com\/aeedi\/wp-json\/wp\/v2\/media?parent=82"}],"curies":[{"name":"wp","href":"https:\/\/api.w.org\/{rel}","templated":true}]}}