{"id":84,"date":"2008-11-03T20:29:17","date_gmt":"2008-11-03T18:29:17","guid":{"rendered":"http:\/\/aeedi.com\/aeedi\/?page_id=84"},"modified":"2024-03-15T17:48:05","modified_gmt":"2024-03-15T16:48:05","slug":"electricite","status":"publish","type":"page","link":"https:\/\/aeedi.com\/aeedi\/la-reglementation\/electricite\/","title":{"rendered":"\u00c9lectricit\u00e9"},"content":{"rendered":"<div class=\"wp-block-image\">\n<figure class=\"alignright\"><a href=\"https:\/\/i0.wp.com\/aeedi.com\/aeedi\/wp-content\/uploads\/logo.jpg\"><img data-recalc-dims=\"1\" decoding=\"async\" src=\"https:\/\/i0.wp.com\/aeedi.com\/aeedi\/wp-content\/uploads\/logo.jpg\" alt=\"\" class=\"wp-image-333\" title=\"logo\"\/><\/a><\/figure>\n<\/div>\n\n\n<p><br><a href=\"http:\/\/aeedi.com\/aeedi\/wp-content\/uploads\/electricite_11.pdf\">El\u00e9ctricit\u00e9 1<\/a><\/p>\n\n\n\n<p><a href=\"http:\/\/aeedi.com\/aeedi\/wp-content\/uploads\/electricite_2.pdf\">El\u00e9ctricit\u00e9 2<\/a><\/p>\n\n\n\n<p><a href=\"http:\/\/aeedi.com\/aeedi\/wp-content\/uploads\/electricite_3.pdf\">El\u00e9ctricit\u00e9 3<\/a><\/p>\n","protected":false},"excerpt":{"rendered":"<p>El\u00e9ctricit\u00e9 1 El\u00e9ctricit\u00e9 2 El\u00e9ctricit\u00e9 3<\/p>\n","protected":false},"author":2,"featured_media":0,"parent":82,"menu_order":102,"comment_status":"closed","ping_status":"closed","template":"","meta":{"advanced_seo_description":"","jetpack_seo_html_title":"","jetpack_seo_noindex":false,"footnotes":""},"class_list":["post-84","page","type-page","status-publish","hentry"],"jetpack_sharing_enabled":true,"jetpack-related-posts":[],"jetpack_shortlink":"https:\/\/wp.me\/PfCazb-1m","_links":{"self":[{"href":"https:\/\/aeedi.com\/aeedi\/wp-json\/wp\/v2\/pages\/84","targetHints":{"allow":["GET"]}}],"collection":[{"href":"https:\/\/aeedi.com\/aeedi\/wp-json\/wp\/v2\/pages"}],"about":[{"href":"https:\/\/aeedi.com\/aeedi\/wp-json\/wp\/v2\/types\/page"}],"author":[{"embeddable":true,"href":"https:\/\/aeedi.com\/aeedi\/wp-json\/wp\/v2\/users\/2"}],"replies":[{"embeddable":true,"href":"https:\/\/aeedi.com\/aeedi\/wp-json\/wp\/v2\/comments?post=84"}],"version-history":[{"count":0,"href":"https:\/\/aeedi.com\/aeedi\/wp-json\/wp\/v2\/pages\/84\/revisions"}],"up":[{"embeddable":true,"href":"https:\/\/aeedi.com\/aeedi\/wp-json\/wp\/v2\/pages\/82"}],"wp:attachment":[{"href":"https:\/\/aeedi.com\/aeedi\/wp-json\/wp\/v2\/media?parent=84"}],"curies":[{"name":"wp","href":"https:\/\/api.w.org\/{rel}","templated":true}]}}